{"id":7557,"date":"2024-05-15T15:38:05","date_gmt":"2024-05-15T15:38:05","guid":{"rendered":"https:\/\/uoma-atlantic.com\/marine\/"},"modified":"2024-07-29T19:20:44","modified_gmt":"2024-07-29T19:20:44","slug":"marine","status":"publish","type":"page","link":"https:\/\/uoma-atlantic.com\/fr\/marine\/","title":{"rendered":"Marine"},"content":{"rendered":"\t<section id=\"block_b0fb73c5fbbc49a4945556611249ec52\" class=\"page-header-section header-center\" style=\"background-image: url(https:\/\/uoma-atlantic.com\/wp-content\/uploads\/2024\/05\/banner-marine.jpg);\">\n\t    <div class=\"container\">\n            <div class=\"inner\">\n                                    <h1>Recyclez vos <br>huiles usag\u00e9es de moteur, <br>vos filtres, vos contenants <br>et autres&#8230;<\/h1>\n                            <\/div>\n        <\/div>\n        \t<\/section>\n    <div class=\"breadcrumbs-block\">\n        <div class=\"container\">\n            <ul class=\"breadcrumbs-list\">\n                <li class=\"home\"><span property=\"itemListElement\" typeof=\"ListItem\"><a property=\"item\" typeof=\"WebPage\" title=\"Go to Atlantic Used Oil Management Association.\" href=\"https:\/\/uoma-atlantic.com\/fr\/\" class=\"home\" aria-current=\"page\"><span property=\"name\">Home<\/span><\/a><meta property=\"position\" content=\"1\"><\/span><\/li>\n            <\/ul>\n        <\/div>\n    <\/div>\n\n\n\n<div id=\"block_6a8e0998d126801217b6ef2367396cae\">\n\t<style>\n\t\t #block_6a8e0998d126801217b6ef2367396cae { height: 65px; }\n  @media(max-width:1439px) { #block_6a8e0998d126801217b6ef2367396cae { height: 60px; } }\n  @media(max-width:1023px) { #block_6a8e0998d126801217b6ef2367396cae { height: 40px; } }\n  @media(max-width:767px) { #block_6a8e0998d126801217b6ef2367396cae { height: 30px; } }\n \t<\/style>\n<\/div>\n\n\n\n<div class=\"wp-block-columns container theme-spring is-layout-flex wp-container-core-columns-is-layout-28f84493 wp-block-columns-is-layout-flex\">\n<div class=\"wp-block-column is-layout-flow wp-block-column-is-layout-flow\">\n<h3 class=\"wp-block-heading\">Exploitez-vous un navire? Il faut recycler vos produits d\u2019entretien de moteur, et nous pouvons vous aider.<\/h3>\n\n\n\n<div class=\"wp-block-columns section-cards is-layout-flex wp-container-core-columns-is-layout-28f84493 wp-block-columns-is-layout-flex\">\n<div class=\"wp-block-column box-locator box-green is-layout-flow wp-block-column-is-layout-flow\">\n<h3 class=\"wp-block-heading has-text-align-center\">Points de r\u00e9cup\u00e9ration<\/h3>\n\n\n\n<p class=\"has-text-align-center\">Si vous g\u00e9n\u00e9rez de petites quantit\u00e9s d\u2019huile usag\u00e9e, de glycol\/d\u2019antigel, de filtres \u00e0 huile, de contenants en plastique et de contenants d\u2019a\u00e9rosol, d\u00e9posez-les \u00e0 un point de r\u00e9cup\u00e9ration participant proche de chez vous.<\/p>\n\n\n\n<div class=\"wp-block-buttons is-content-justification-center is-layout-flex wp-container-core-buttons-is-layout-a89b3969 wp-block-buttons-is-layout-flex\">\n<div class=\"wp-block-button\"><a class=\"wp-block-button__link wp-element-button\" href=\"https:\/\/uoma-atlantic.com\/fr\/nb\/trouver-un-point-de-depot\/\">Trouver un point de r\u00e9cup\u00e9ration<\/a><\/div>\n<\/div>\n<\/div>\n\n\n\n<div class=\"wp-block-column box-locator box-yellow is-layout-flow wp-block-column-is-layout-flow\">\n<h3 class=\"wp-block-heading has-text-align-center\">Ramassage commercial<\/h3>\n\n\n\n<p class=\"has-text-align-center\">Si vous g\u00e9n\u00e9rez de grandes quantit\u00e9s d\u2019huiles usag\u00e9es, de glycol\/d\u2019antigel, de filtres \u00e0 huile, de contenants en plastique et de contenants d\u2019a\u00e9rosol, un r\u00e9cup\u00e9rateur peut venir les chercher gratuitement \u00e0 votre marina\/port de plaisance.<\/p>\n\n\n\n<div class=\"wp-block-buttons is-content-justification-center is-layout-flex wp-container-core-buttons-is-layout-a89b3969 wp-block-buttons-is-layout-flex\">\n<div class=\"wp-block-button\"><a class=\"wp-block-button__link wp-element-button\" href=\"https:\/\/uoma-atlantic.com\/fr\/nb\/entreprises\/\">Trouver un r\u00e9cup\u00e9rateur<\/a><\/div>\n<\/div>\n<\/div>\n<\/div>\n<\/div>\n<\/div>\n\n\n<div id=\"block_5962907eb25d63d0526a723cf0e13ec6\">\n\t<style>\n\t\t #block_5962907eb25d63d0526a723cf0e13ec6 { height: 100px; }\n  @media(max-width:1439px) { #block_5962907eb25d63d0526a723cf0e13ec6 { height: 80px; } }\n  @media(max-width:1023px) { #block_5962907eb25d63d0526a723cf0e13ec6 { height: 60px; } }\n  @media(max-width:767px) { #block_5962907eb25d63d0526a723cf0e13ec6 { height: 40px; } }\n \t<\/style>\n<\/div>\n\n\n\n<div class=\"wp-block-columns container theme-spring is-layout-flex wp-container-core-columns-is-layout-28f84493 wp-block-columns-is-layout-flex\">\n<div class=\"wp-block-column is-layout-flow wp-block-column-is-layout-flow\">\n<div class=\"wp-block-columns row-about is-layout-flex wp-container-core-columns-is-layout-28f84493 wp-block-columns-is-layout-flex\">\n<div class=\"wp-block-column is-layout-flow wp-block-column-is-layout-flow\" style=\"flex-basis:70%\">\n<h3 class=\"wp-block-heading margin-10\">\u00c0 propos d\u2019UOMA Atlantique<\/h3>\n\n\n\n<p class=\"text-uoma\"><strong>UOMA Atlantique<\/strong> pour un recyclage facile et gratuit. L\u2019UOMA g\u00e8re des programmes dans chacune des provinces de l\u2019Atlantique qui permet le recyclage s\u00e9curitaire et efficace des produits \u00e0 base d\u2019huiles usag\u00e9es*.<\/p>\n<\/div>\n\n\n\n<div class=\"wp-block-column is-layout-flow wp-block-column-is-layout-flow\" style=\"flex-basis:30%\">\n<div class=\"wp-block-buttons is-content-justification-right is-layout-flex wp-container-core-buttons-is-layout-d445cf74 wp-block-buttons-is-layout-flex\">\n<div class=\"wp-block-button\"><a class=\"wp-block-button__link wp-element-button\" href=\"https:\/\/uoma-atlantic.com\/fr\/nb\/a-notre-sujet\/\">EN SAVOIR PLUS<\/a><\/div>\n<\/div>\n<\/div>\n<\/div>\n<\/div>\n<\/div>\n\n\n<div id=\"block_f065cad77dbb15d094b37cb169c8d111\">\n\t<style>\n\t\t #block_f065cad77dbb15d094b37cb169c8d111 { height: 40px; }\n  @media(max-width:1439px) { #block_f065cad77dbb15d094b37cb169c8d111 { height: 40px; } }\n  @media(max-width:1023px) { #block_f065cad77dbb15d094b37cb169c8d111 { height: 30px; } }\n  @media(max-width:767px) { #block_f065cad77dbb15d094b37cb169c8d111 { height: 20px; } }\n \t<\/style>\n<\/div>\n\n\n\t<section id=\"block_b6d10498129b38720cbb5f199c397ec5\" class=\"recycled-products-section theme-spring\">\n\t    <div class=\"container\">\n\t\t                    <div class=\"entry-head\" style=\"text-align: left;\">\n                    <h3 style=\"text-align:center\">V\u00e9rifiez quels produits sont recyclables<\/h3>\n                    <style>@media(min-width: 1024px) { #block_b6d10498129b38720cbb5f199c397ec5 .entry-head {max-width: 902px;} }<\/style>                <\/div>\n            \t\t                    <ul class=\"recycled-products-list\">\n                                            <li>\n                            <a class=\"recycled-products-item\" href=\"\/fr#\" target=\"_self\">\n                                                                    <figure>\n                                                                                    <div class=\"icon-wrap\">\n                                                <img decoding=\"async\" width=\"1\" height=\"1\" src=\"https:\/\/uoma-atlantic.com\/wp-content\/uploads\/2023\/06\/icon-01-1.svg\" class=\"attachment-full size-full\" alt=\"\" \/>                                                                                                \n                                            <\/div>\n                                                                                                                            <figcaption>Huiles<\/figcaption>\n                                                                            <\/figure>\n                                \t                                                                <div class=\"overlay\">\n                                        <div class=\"inner\">\n                                            <p><p>L\u2019huile de carter, l\u2019huile pour moteur, l\u2019huile d\u2019engrenages, le liquide hydraulique, le liquide pour transmission, le liquide caloporteur d\u00e9riv\u00e9s du p\u00e9trole ou de produits synth\u00e9tiques, et le liquide servant \u00e0 la lubrification de machinerie ou d\u2019\u00e9quipement.<\/p>\n<\/p>\n                                        <\/div>\n                                    <\/div>\n                                                            <\/a>\n                        <\/li>\n                                            <li>\n                            <a class=\"recycled-products-item\" href=\"\/fr#\" target=\"_self\">\n                                                                    <figure>\n                                                                                    <div class=\"icon-wrap\">\n                                                <img decoding=\"async\" width=\"1\" height=\"1\" src=\"https:\/\/uoma-atlantic.com\/wp-content\/uploads\/2023\/06\/filter-icon.svg\" class=\"attachment-full size-full\" alt=\"\" \/>                                                                                                \n                                            <\/div>\n                                                                                                                            <figcaption>Filtres<\/figcaption>\n                                                                            <\/figure>\n                                \t                                                                <div class=\"overlay\">\n                                        <div class=\"inner\">\n                                            <p><p>Les filtres jetables ou les filtres \u00e0 cartouche jetable utilis\u00e9s dans les syst\u00e8mes hydrauliques, les transmissions ou les moteurs \u00e0 combustion interne, ainsi que les filtres \u00e0 carburant diesel, les filtres de r\u00e9servoirs de carburant et les filtres pour appareils de chauffage domestique, \u00e0 l\u2019exception des filtres \u00e0 essence.<\/p>\n<\/p>\n                                        <\/div>\n                                    <\/div>\n                                                            <\/a>\n                        <\/li>\n                                            <li>\n                            <a class=\"recycled-products-item\" href=\"\/fr#\" target=\"_self\">\n                                                                    <figure>\n                                                                                    <div class=\"icon-wrap\">\n                                                <img decoding=\"async\" width=\"1\" height=\"1\" src=\"https:\/\/uoma-atlantic.com\/wp-content\/uploads\/2023\/06\/plastic-icon.svg\" class=\"attachment-full size-full\" alt=\"\" \/>                                                                                                \n                                            <\/div>\n                                                                                                                            <figcaption>Contenants <br>en plastique <\/figcaption>\n                                                                            <\/figure>\n                                \t                                                                <div class=\"overlay\">\n                                        <div class=\"inner\">\n                                            <p><p>Les contenants d\u2019huile et d\u2019antigel d\u2019une capacit\u00e9 maximale de 50 litres sp\u00e9cialement con\u00e7us pour contenir de l\u2019huile ou de l\u2019antigel. Les contenants de fluide d\u2019\u00e9chappement diesel (FED) sont accept\u00e9s dans certaines provinces<\/p>\n<\/p>\n                                        <\/div>\n                                    <\/div>\n                                                            <\/a>\n                        <\/li>\n                                            <li>\n                            <a class=\"recycled-products-item\" href=\"\/fr#\" target=\"_self\">\n                                                                    <figure>\n                                                                                    <div class=\"icon-wrap\">\n                                                <img decoding=\"async\" width=\"1\" height=\"1\" src=\"https:\/\/uoma-atlantic.com\/wp-content\/uploads\/2023\/06\/antifreeze-icon.svg\" class=\"attachment-full size-full\" alt=\"\" \/>                                                                                                \n                                            <\/div>\n                                                                                                                            <figcaption>Antigel<\/figcaption>\n                                                                            <\/figure>\n                                \t                                                                <div class=\"overlay\">\n                                        <div class=\"inner\">\n                                            <p><p>L\u2019\u00e9thyl\u00e8ne ou le propyl\u00e8ne glycol servant de liquide de refroidissement pour les v\u00e9hicules priv\u00e9s ou commerciaux, \u00e0 l\u2019exception de l\u2019antigel pour plomberie, de l\u2019antigel contenu dans le lave-glace, des produits de d\u00e9givrage des serrures et de l\u2019antigel pour essence et carburant diesel.<\/p>\n<\/p>\n                                        <\/div>\n                                    <\/div>\n                                                            <\/a>\n                        <\/li>\n                                            <li>\n                            <a class=\"recycled-products-item\" href=\"\/fr#\" target=\"_self\">\n                                                                    <figure>\n                                                                                    <div class=\"icon-wrap\">\n                                                <img decoding=\"async\" width=\"1\" height=\"1\" src=\"https:\/\/uoma-atlantic.com\/wp-content\/uploads\/2023\/06\/aerosol-icon.svg\" class=\"attachment-full size-full\" alt=\"\" \/>                                                                                                \n                                            <\/div>\n                                                                                                                            <figcaption>Contenants d\u2019a\u00e9rosol<\/figcaption>\n                                                                            <\/figure>\n                                \t                                                                <div class=\"overlay\">\n                                        <div class=\"inner\">\n                                            <p><p>Les contenants sp\u00e9cialement con\u00e7us pour l\u2019huile (p. ex., WD-40) et les produits de nettoyage des freins.<\/p>\n<\/p>\n                                        <\/div>\n                                    <\/div>\n                                                            <\/a>\n                        <\/li>\n                                    <\/ul>\n            \t\t            <\/div>\n\t<\/section>\n","protected":false},"excerpt":{"rendered":"<p>Exploitez-vous un navire? Il faut recycler vos produits d\u2019entretien de moteur, et nous pouvons vous aider. Points de r\u00e9cup\u00e9ration Si vous g\u00e9n\u00e9rez de petites quantit\u00e9s d\u2019huile usag\u00e9e, de glycol\/d\u2019antigel, de filtres \u00e0 huile, de contenants en plastique et de contenants d\u2019a\u00e9rosol, d\u00e9posez-les \u00e0 un point de r\u00e9cup\u00e9ration participant proche de chez vous. Ramassage commercial Si [&hellip;]<\/p>\n","protected":false},"author":60,"featured_media":0,"parent":0,"menu_order":0,"comment_status":"closed","ping_status":"closed","template":"","meta":{"_acf_changed":false,"inline_featured_image":false,"footnotes":""},"class_list":["post-7557","page","type-page","status-publish","hentry"],"acf":[],"_links":{"self":[{"href":"https:\/\/uoma-atlantic.com\/fr\/wp-json\/wp\/v2\/pages\/7557","targetHints":{"allow":["GET"]}}],"collection":[{"href":"https:\/\/uoma-atlantic.com\/fr\/wp-json\/wp\/v2\/pages"}],"about":[{"href":"https:\/\/uoma-atlantic.com\/fr\/wp-json\/wp\/v2\/types\/page"}],"author":[{"embeddable":true,"href":"https:\/\/uoma-atlantic.com\/fr\/wp-json\/wp\/v2\/users\/60"}],"replies":[{"embeddable":true,"href":"https:\/\/uoma-atlantic.com\/fr\/wp-json\/wp\/v2\/comments?post=7557"}],"version-history":[{"count":11,"href":"https:\/\/uoma-atlantic.com\/fr\/wp-json\/wp\/v2\/pages\/7557\/revisions"}],"predecessor-version":[{"id":7854,"href":"https:\/\/uoma-atlantic.com\/fr\/wp-json\/wp\/v2\/pages\/7557\/revisions\/7854"}],"wp:attachment":[{"href":"https:\/\/uoma-atlantic.com\/fr\/wp-json\/wp\/v2\/media?parent=7557"}],"curies":[{"name":"wp","href":"https:\/\/api.w.org\/{rel}","templated":true}]}}