{"id":697,"date":"2023-06-21T14:34:11","date_gmt":"2023-06-21T14:34:11","guid":{"rendered":"https:\/\/uoma.m5i.com\/nb\/business\/"},"modified":"2026-04-03T18:44:47","modified_gmt":"2026-04-03T18:44:47","slug":"entreprises","status":"publish","type":"page","link":"https:\/\/uoma-atlantic.com\/fr\/nb\/entreprises\/","title":{"rendered":"Entreprises"},"content":{"rendered":"\t<section id=\"block_7beeb3928a114207319d002cbb322677\" class=\"page-header-section\" style=\"background-image: url(https:\/\/uoma-atlantic.com\/wp-content\/uploads\/2023\/09\/23783_UOMA_Website_FRENCH-BANNER-bobblehead.jpg);\">\n\t    <div class=\"container\">\n            <div class=\"inner\">\n                                    <h1>Entreprises<\/h1>\n                            <\/div>\n        <\/div>\n                <img decoding=\"async\" class=\"mb\" src=\"https:\/\/uoma-atlantic.com\/wp-content\/uploads\/2023\/09\/537780904-23783-uoma-web_768x480_bob-fre.jpg\" alt=\"Entreprises\" \/>\n    \t<\/section>\n    <div class=\"breadcrumbs-block\">\n        <div class=\"container\">\n            <ul class=\"breadcrumbs-list\">\n                <li class=\"home\"><span property=\"itemListElement\" typeof=\"ListItem\"><a property=\"item\" typeof=\"WebPage\" title=\"Go to Atlantic Used Oil Management Association.\" href=\"https:\/\/uoma-atlantic.com\/fr\/\" class=\"home\" aria-current=\"page\"><span property=\"name\">Home<\/span><\/a><meta property=\"position\" content=\"1\"><\/span><\/li>\n            <\/ul>\n        <\/div>\n    <\/div>\n\n\n\n\t<section id=\"block_a02c86bd23e0b5a492c42b5344aa7c6b\" class=\"two-columns-text-image\">\n\t    <div class=\"container\">\n            <div class=\"tcti-row\" style=\"align-items: center;\">\n\t                                <div class=\"tcti-content-row\">\n                        <div class=\"tcti-content has-custom-list\">\n                            <h3>Trouver un r\u00e9cup\u00e9rateur<\/h3>\n<p>Vous g\u00e9n\u00e9rez d\u2019importants volumes de produits \u00e0 base d\u2019huile et d\u2019antigel usag\u00e9s? Un r\u00e9cup\u00e9rateur enregistr\u00e9 en effectuera gratuitement la collecte.<\/p>\n                                                    <\/div>\n                    <\/div>\n\t            \t\t                    <\/div>\n                    <\/div>\n\t<\/section>\n\n\n\t<section id=\"collector\" class=\"location-section \">\n\t    <div class=\"container\">\n            <div class=\"location-item\">\n                <div class=\"entry-body has-custom-list\">\n\t                                        <h2>Trouver un r\u00e9cup\u00e9rateur <\/h2>\n\t                \t\t                                    <h4>Votre emplacement <\/h4>\n                                                                <div class=\"location-form-wrap\">\n\t\t\t    <form id=\"bottom-gform\" method=\"get\" action=\"\/fr\/ns\/points-de-depot\/\" onsubmit=\"formValidation(event, 'map-lat2', 'autocomplete2')\">\n                                <div class=\"input-wrap\">\n                                    <input id=\"autocomplete2\" class=\"pac-target-input map-autocomplete\" name=\"query\" type=\"search\" placeholder=\"Ville, code postal\"> \n                                    <input id=\"map-lat2\" name=\"lat\" type=\"hidden\" value=\"\">\n\t\t                            <input id=\"map-lng2\" name=\"lng\" type=\"hidden\" value=\"\">\n\t\t                            <input id=\"map-origin2\" name=\"origin\" type=\"hidden\" value=\"\">\n\t\t                            <input id=\"map-zone\" name=\"zone\" type=\"hidden\" value=\"\">\n                                    <button type=\"submit\">\n                                        <svg xmlns=\"http:\/\/www.w3.org\/2000\/svg\" xml:space=\"preserve\" x=\"0\" y=\"0\" viewBox=\"0 0 10.4 10.3\" width=\"37\" height=\"37\"><style>.st0{fill:none;stroke:#000;stroke-width:.9;stroke-miterlimit:10}<\/style><circle cx=\"6.4\" cy=\"3.9\" r=\"3.5\" class=\"st0\"\/><path d=\"m.3 10 3.6-3.6\" class=\"st0\"\/><\/svg>\n                                    <\/button>\n                                <\/div>\n                            <\/form>\n                        <\/div>\n                    \t\t\t        \t                                <\/div>\n\t\t\t\t                    <figure class=\"entry-image\">\n                        <img decoding=\"async\" width=\"508\" height=\"438\" src=\"https:\/\/uoma-atlantic.com\/wp-content\/uploads\/2023\/09\/UOMA-GARAGE-BALLOON-MAN-fr-min.jpg\" class=\"attachment-full size-full\" alt=\"\" srcset=\"https:\/\/uoma-atlantic.com\/wp-content\/uploads\/2023\/09\/UOMA-GARAGE-BALLOON-MAN-fr-min.jpg 508w, https:\/\/uoma-atlantic.com\/wp-content\/uploads\/2023\/09\/UOMA-GARAGE-BALLOON-MAN-fr-min-300x259.jpg 300w\" sizes=\"(max-width: 508px) 100vw, 508px\" \/>                    <\/figure>\n\t\t\t\t            <\/div>\n        <\/div>\n\t<\/section>\n\n\n\t<section id=\"block_0487960ab51174cc35a3153ceae85c5b\" class=\"two-columns-text-image\">\n\t    <div class=\"container\">\n            <div class=\"tcti-row\" style=\"align-items: center;\">\n\t                                <div class=\"tcti-content-row\">\n                        <div class=\"tcti-content has-custom-list\">\n                            <p style=\"margin:0\">Les organisations admissibles sont, entre autres :<\/p>\n<ul>\n<li>Les garages<\/li>\n<li>Les concessionnaires automobiles<\/li>\n<li>Les commerces de v\u00e9hicules r\u00e9cr\u00e9atifs<\/li>\n<li>Les autorit\u00e9s de gestion des mati\u00e8res r\u00e9siduelles<\/li>\n<li>Les ports<\/li>\n<li>Les entreprises agricoles, foresti\u00e8res et mini\u00e8res <\/li>\n<li>Les entreprises de transport et de camionnage<\/li>\n<\/ul>\n                                                    <\/div>\n                    <\/div>\n\t            \t\t                            <div class=\"tcti-image-row\">\n                        <figure class=\"tcti-image\">\n                            <img decoding=\"async\" width=\"467\" height=\"574\" src=\"https:\/\/uoma-atlantic.com\/wp-content\/uploads\/2023\/06\/shutterstock_240240541-1.png\" class=\"attachment-full size-full\" alt=\"\" srcset=\"https:\/\/uoma-atlantic.com\/wp-content\/uploads\/2023\/06\/shutterstock_240240541-1.png 467w, https:\/\/uoma-atlantic.com\/wp-content\/uploads\/2023\/06\/shutterstock_240240541-1-244x300.png 244w\" sizes=\"(max-width: 467px) 100vw, 467px\" \/>                        <\/figure>\n                    <\/div>\n\t\t                    <\/div>\n            <hr>        <\/div>\n\t<\/section>\n\n\n<div id=\"block_e80ee3bb0fcbb85510229b6200604c4d\">\n\t<style>\n\t\t #block_e80ee3bb0fcbb85510229b6200604c4d { height: 55px; }\n  @media(max-width:1439px) { #block_e80ee3bb0fcbb85510229b6200604c4d { height: 80px; } }\n  @media(max-width:1023px) { #block_e80ee3bb0fcbb85510229b6200604c4d { height: 40px; } }\n  @media(max-width:767px) { #block_e80ee3bb0fcbb85510229b6200604c4d { height: 32px; } }\n \t<\/style>\n<\/div>\n\n\n\t<section id=\"block_6b81be5f8023458fd462538ac86d096b\" class=\"recycled-products-section\">\n\t    <div class=\"container\">\n\t\t                    <div class=\"entry-head\" style=\"text-align: center;\">\n                    <h3>V\u00e9rifiez quels produits sont recyclables<\/h3>\n                    <style>@media(min-width: 1024px) { #block_6b81be5f8023458fd462538ac86d096b .entry-head {max-width: 1024px;} }<\/style>                <\/div>\n            \t\t                    <ul class=\"recycled-products-list\">\n                                            <li>\n                            <a class=\"recycled-products-item\" href=\"\/fr#\" target=\"_self\">\n                                                                    <figure>\n                                                                                    <div class=\"icon-wrap\">\n                                                <img decoding=\"async\" width=\"1\" height=\"1\" src=\"https:\/\/uoma-atlantic.com\/wp-content\/uploads\/2023\/06\/icon-01-1.svg\" class=\"attachment-full size-full\" alt=\"\" \/>                                                                                                \n                                            <\/div>\n                                                                                                                            <figcaption>Huiles<\/figcaption>\n                                                                            <\/figure>\n                                \t                                                                <div class=\"overlay\">\n                                        <div class=\"inner\">\n                                            <p><p>L\u2019huile de carter, l\u2019huile pour moteur, l\u2019huile d\u2019engrenages, l&rsquo;huile di\u00e9lectrique pour transformateur, le liquide hydraulique, le liquide pour transmission, le liquide caloporteur d\u00e9riv\u00e9s du p\u00e9trole ou de produits synth\u00e9tiques, et le liquide servant \u00e0 la lubrification de machinerie ou d\u2019\u00e9quipement.<\/p>\n<\/p>\n                                        <\/div>\n                                    <\/div>\n                                                            <\/a>\n                        <\/li>\n                                            <li>\n                            <a class=\"recycled-products-item\" href=\"\/fr#\" target=\"_self\">\n                                                                    <figure>\n                                                                                    <div class=\"icon-wrap\">\n                                                <img decoding=\"async\" width=\"1\" height=\"1\" src=\"https:\/\/uoma-atlantic.com\/wp-content\/uploads\/2023\/06\/filter-icon.svg\" class=\"attachment-full size-full\" alt=\"\" \/>                                                                                                \n                                            <\/div>\n                                                                                                                            <figcaption>Filtres <\/figcaption>\n                                                                            <\/figure>\n                                \t                                                                <div class=\"overlay\">\n                                        <div class=\"inner\">\n                                            <p><p>Les filtres jetables ou les filtres \u00e0 cartouche jetable utilis\u00e9s dans les syst\u00e8mes hydrauliques, les transmissions ou les moteurs \u00e0 combustion interne, ainsi que les filtres \u00e0 carburant diesel, les filtres de r\u00e9servoirs de carburant et les filtres pour appareils de chauffage domestique, \u00e0 l\u2019exception des filtres \u00e0 essence.<\/p>\n<\/p>\n                                        <\/div>\n                                    <\/div>\n                                                            <\/a>\n                        <\/li>\n                                            <li>\n                            <a class=\"recycled-products-item\" href=\"\/fr#\" target=\"_self\">\n                                                                    <figure>\n                                                                                    <div class=\"icon-wrap\">\n                                                <img decoding=\"async\" width=\"1\" height=\"1\" src=\"https:\/\/uoma-atlantic.com\/wp-content\/uploads\/2023\/06\/plastic-icon.svg\" class=\"attachment-full size-full\" alt=\"\" \/>                                                                                                \n                                            <\/div>\n                                                                                                                            <figcaption>Contenants<br>en plastique <\/figcaption>\n                                                                            <\/figure>\n                                \t                                                                <div class=\"overlay\">\n                                        <div class=\"inner\">\n                                            <p><p>Les contenants d\u2019huile, d\u2019antigel et de fluide d&rsquo;\u00e9chappement diesel (FED) d\u2019une capacit\u00e9 maximale de 250 litres sp\u00e9cialement con\u00e7us pour contenir de l\u2019huile, de l\u2019antigel ou des fluides d&rsquo;\u00e9chappement diesel (FED).<\/p>\n<\/p>\n                                        <\/div>\n                                    <\/div>\n                                                            <\/a>\n                        <\/li>\n                                            <li>\n                            <a class=\"recycled-products-item\" href=\"\/fr#\" target=\"_self\">\n                                                                    <figure>\n                                                                                    <div class=\"icon-wrap\">\n                                                <img decoding=\"async\" width=\"1\" height=\"1\" src=\"https:\/\/uoma-atlantic.com\/wp-content\/uploads\/2023\/06\/antifreeze-icon.svg\" class=\"attachment-full size-full\" alt=\"\" \/>                                                                                                \n                                            <\/div>\n                                                                                                                            <figcaption>Antigel <\/figcaption>\n                                                                            <\/figure>\n                                \t                                                                <div class=\"overlay\">\n                                        <div class=\"inner\">\n                                            <p><p>L\u2019\u00e9thyl\u00e8ne ou le propyl\u00e8ne glycol servant de liquide de refroidissement pour les v\u00e9hicules priv\u00e9s ou commerciaux, \u00e0 l\u2019exception de l\u2019antigel pour plomberie, de l\u2019antigel contenu dans le lave-glace, des produits de d\u00e9givrage des serrures et de l\u2019antigel pour essence et carburant diesel.<\/p>\n<\/p>\n                                        <\/div>\n                                    <\/div>\n                                                            <\/a>\n                        <\/li>\n                                            <li>\n                            <a class=\"recycled-products-item\" href=\"\/fr#\" target=\"_self\">\n                                                                    <figure>\n                                                                                    <div class=\"icon-wrap\">\n                                                <img decoding=\"async\" width=\"1\" height=\"1\" src=\"https:\/\/uoma-atlantic.com\/wp-content\/uploads\/2023\/06\/aerosol-icon.svg\" class=\"attachment-full size-full\" alt=\"\" \/>                                                                                                \n                                            <\/div>\n                                                                                                                            <figcaption>Contenants d\u2019a\u00e9rosol <\/figcaption>\n                                                                            <\/figure>\n                                \t                                                                <div class=\"overlay\">\n                                        <div class=\"inner\">\n                                            <p><p>Les contenants d\u2019a\u00e9rosol fabriqu\u00e9s pour contenir des produits \u00e0 base d\u2019huile (par ex., WD-40), incluant les produits de nettoyage de freins et les nettoyants pour pi\u00e8ces automobiles.<\/p>\n<\/p>\n                                        <\/div>\n                                    <\/div>\n                                                            <\/a>\n                        <\/li>\n                                    <\/ul>\n            \t\t                    <div class=\"cta-wrap\">\n                    <a class=\"btn\" href=\"https:\/\/usedoilrecycling.com\/fr\/membres-des-uoma\/produits-avec-redevances-environnementales-applicables\/\" target=\"_blank\">\n\t\t                liste des produits par province                    <\/a>\n                <\/div>\n                    <\/div>\n\t<\/section>\n\n\n<div id=\"block_e80ee3bb0fcbb85510229b6200604c4d\">\n\t<style>\n\t\t #block_e80ee3bb0fcbb85510229b6200604c4d { height: 55px; }\n  @media(max-width:1439px) { #block_e80ee3bb0fcbb85510229b6200604c4d { height: 80px; } }\n  @media(max-width:1023px) { #block_e80ee3bb0fcbb85510229b6200604c4d { height: 40px; } }\n  @media(max-width:767px) { #block_e80ee3bb0fcbb85510229b6200604c4d { height: 32px; } }\n \t<\/style>\n<\/div>\n\n\n\t<section id=\"collector\" class=\"location-section no-form\">\n\t    <div class=\"container\">\n            <div class=\"location-item\">\n                <div class=\"entry-body has-custom-list\">\n\t                \t\t                                \t\t\t        <h3>S\u2019enregistrer comme point de d\u00e9p\u00f4t<\/h3>\n<p>Si votre entreprise ou votre \u00e9tablissement souhaite <strong>s\u2019enregistrer comme point de d\u00e9p\u00f4t<\/strong> pour desservir les r\u00e9sidents locaux souhaitant se d\u00e9partir de petites quantit\u00e9s d\u2019huiles et d\u2019antigels usag\u00e9s.<\/p>\n<p style=\"margin: 0;\">Vous recevrez :<\/p>\n<ul>\n<li>une prime d\u2019enregistrement de 100 $ (plus taxes);<\/li>\n<li>un paiement annuel en fonction des filtres \u00e0 huile usag\u00e9s que vous g\u00e9n\u00e9rez (et de ceux qui sont rapport\u00e9s \u00e0 votre point de d\u00e9p\u00f4t) lorsque vous <a href=\"https:\/\/uoma-atlantic.com\/wp-content\/uploads\/2026\/04\/UOMA-Atlantique-Promo-filtre-Non-disponible.pdf\" target=\"_blank\" rel=\"noopener\">compl\u00e9tez un formulaire de r\u00e9clamation<\/a>;<\/li>\n<li>Affiches identifiant les produits accept\u00e9s et refus\u00e9s (disponibles en <a href=\"https:\/\/uoma-atlantic.com\/wp-content\/uploads\/2024\/11\/Affiche-generateur-flyer-corrige.png\" target=\"_blank\" rel=\"noopener\">couleur<\/a>, puis en <a href=\"https:\/\/uoma-atlantic.com\/wp-content\/uploads\/2024\/11\/Affiche-generateur-nb-flyer-corrige.png\" target=\"_blank\" rel=\"noopener\">noir et blanc<\/a>);<\/li>\n<li>un enregistrement sur le site Web de la Soci\u00e9t\u00e9 de gestion des huiles usag\u00e9es de l\u2019Atlantique.<\/li>\n<\/ul>\n\t                                        <div class=\"cta-wrap\">\n                            <a class=\"btn btn-white\" href=\"https:\/\/form.jotform.com\/72564452172254\" target=\"_blank\">\n\t\t\t\t                s&#039;enregistrer en ligne                            <\/a>\n                        <\/div>\n\t                                <\/div>\n\t\t\t\t                    <figure class=\"entry-image\">\n                        <img decoding=\"async\" width=\"508\" height=\"710\" src=\"https:\/\/uoma-atlantic.com\/wp-content\/uploads\/2023\/09\/UOMA-GARAGE-BALLOON-MAN-copy-2-fr.jpg\" class=\"attachment-full size-full\" alt=\"\" srcset=\"https:\/\/uoma-atlantic.com\/wp-content\/uploads\/2023\/09\/UOMA-GARAGE-BALLOON-MAN-copy-2-fr.jpg 508w, https:\/\/uoma-atlantic.com\/wp-content\/uploads\/2023\/09\/UOMA-GARAGE-BALLOON-MAN-copy-2-fr-215x300.jpg 215w\" sizes=\"(max-width: 508px) 100vw, 508px\" \/>                    <\/figure>\n\t\t\t\t            <\/div>\n        <\/div>\n\t<\/section>\n","protected":false},"excerpt":{"rendered":"","protected":false},"author":1,"featured_media":0,"parent":652,"menu_order":0,"comment_status":"closed","ping_status":"closed","template":"","meta":{"_acf_changed":false,"inline_featured_image":false,"footnotes":""},"class_list":["post-697","page","type-page","status-publish","hentry"],"acf":[],"_links":{"self":[{"href":"https:\/\/uoma-atlantic.com\/fr\/wp-json\/wp\/v2\/pages\/697","targetHints":{"allow":["GET"]}}],"collection":[{"href":"https:\/\/uoma-atlantic.com\/fr\/wp-json\/wp\/v2\/pages"}],"about":[{"href":"https:\/\/uoma-atlantic.com\/fr\/wp-json\/wp\/v2\/types\/page"}],"author":[{"embeddable":true,"href":"https:\/\/uoma-atlantic.com\/fr\/wp-json\/wp\/v2\/users\/1"}],"replies":[{"embeddable":true,"href":"https:\/\/uoma-atlantic.com\/fr\/wp-json\/wp\/v2\/comments?post=697"}],"version-history":[{"count":44,"href":"https:\/\/uoma-atlantic.com\/fr\/wp-json\/wp\/v2\/pages\/697\/revisions"}],"predecessor-version":[{"id":10099,"href":"https:\/\/uoma-atlantic.com\/fr\/wp-json\/wp\/v2\/pages\/697\/revisions\/10099"}],"up":[{"embeddable":true,"href":"https:\/\/uoma-atlantic.com\/fr\/wp-json\/wp\/v2\/pages\/652"}],"wp:attachment":[{"href":"https:\/\/uoma-atlantic.com\/fr\/wp-json\/wp\/v2\/media?parent=697"}],"curies":[{"name":"wp","href":"https:\/\/api.w.org\/{rel}","templated":true}]}}