{"id":6210,"date":"2023-12-05T18:20:36","date_gmt":"2023-12-05T18:20:36","guid":{"rendered":"https:\/\/uoma-atlantic.com\/?page_id=6210"},"modified":"2026-01-07T21:46:44","modified_gmt":"2026-01-07T21:46:44","slug":"portail-des-partenaires","status":"publish","type":"page","link":"https:\/\/uoma-atlantic.com\/fr\/portail-des-partenaires\/","title":{"rendered":"Portail des partenaires"},"content":{"rendered":"Vous devez \u00eatre connect\u00e9 pour voir ce contenu.","protected":false},"excerpt":{"rendered":"Vous devez \u00eatre connect\u00e9 pour voir ce contenu.","protected":false},"author":7,"featured_media":0,"parent":0,"menu_order":0,"comment_status":"closed","ping_status":"closed","template":"","meta":{"_acf_changed":false,"inline_featured_image":false,"footnotes":""},"class_list":["post-6210","page","type-page","status-publish","hentry"],"acf":[],"_links":{"self":[{"href":"https:\/\/uoma-atlantic.com\/fr\/wp-json\/wp\/v2\/pages\/6210","targetHints":{"allow":["GET"]}}],"collection":[{"href":"https:\/\/uoma-atlantic.com\/fr\/wp-json\/wp\/v2\/pages"}],"about":[{"href":"https:\/\/uoma-atlantic.com\/fr\/wp-json\/wp\/v2\/types\/page"}],"author":[{"embeddable":true,"href":"https:\/\/uoma-atlantic.com\/fr\/wp-json\/wp\/v2\/users\/7"}],"replies":[{"embeddable":true,"href":"https:\/\/uoma-atlantic.com\/fr\/wp-json\/wp\/v2\/comments?post=6210"}],"version-history":[{"count":56,"href":"https:\/\/uoma-atlantic.com\/fr\/wp-json\/wp\/v2\/pages\/6210\/revisions"}],"predecessor-version":[{"id":9800,"href":"https:\/\/uoma-atlantic.com\/fr\/wp-json\/wp\/v2\/pages\/6210\/revisions\/9800"}],"wp:attachment":[{"href":"https:\/\/uoma-atlantic.com\/fr\/wp-json\/wp\/v2\/media?parent=6210"}],"curies":[{"name":"wp","href":"https:\/\/api.w.org\/{rel}","templated":true}]}}