{"id":4017,"date":"2023-08-24T14:17:39","date_gmt":"2023-08-24T14:17:39","guid":{"rendered":"https:\/\/uoma.m5i.com\/pe\/privacy-policy\/"},"modified":"2023-08-24T15:46:46","modified_gmt":"2023-08-24T15:46:46","slug":"politique-de-confidentialite","status":"publish","type":"page","link":"https:\/\/uoma-atlantic.com\/fr\/pe\/politique-de-confidentialite\/","title":{"rendered":"Politique de confidentialit\u00e9"},"content":{"rendered":"\n<div class=\"wp-block-group\" style=\"padding-top:var(--wp--preset--spacing--30);padding-bottom:var(--wp--preset--spacing--30)\"><div class=\"wp-block-group__inner-container is-layout-constrained wp-block-group-is-layout-constrained\">\n<h1 class=\"wp-block-heading\">Politique de confidentialit\u00e9<\/h1>\n\n\n\n<h2 class=\"wp-block-heading\">Qui sommes-nous?<\/h2>\n\n\n\n<p>La Soci\u00e9t\u00e9 de gestion des huiles usag\u00e9es de l\u2019Atlantique est un organisme priv\u00e9 sans but lucratif repr\u00e9sentant un groupe de compagnies mettant en march\u00e9 des produits vis\u00e9s par les r\u00e8glements provinciaux sur les huiles et glycols usag\u00e9s dans les quatre provinces de l\u2019Atlantique&nbsp;: \u00cele-du-Prince-\u00c9douard, Nouveau-Brunswick, Nouvelle-\u00c9cosse, et Terre-Neuve-et-Labrador.<\/p>\n\n\n\n<p>La politique de confidentialit\u00e9 du pr\u00e9sent site Web (la pr\u00e9sente <em>politique<\/em>) est int\u00e9gr\u00e9e aux <em>modalit\u00e9s d\u2019utilisation<\/em> (les <em>modalit\u00e9s d\u2019utilisation<\/em>) du pr\u00e9sent site Web (le pr\u00e9sent <em>site Web<\/em>), dont elle fait partie int\u00e9grante. LE FAIT QUE VOUS UTILISIEZ LE PR\u00c9SENT SITE WEB CONSTITUE UNE ACCEPTATION EXPRESSE ET INCONDITIONNELLE DE VOTRE PART DES MODALIT\u00c9S D\u2019UTILISATION DE CELUI-CI. VEUILLEZ FAIRE UNE LECTURE ATTENTIVE DES MODALIT\u00c9S D\u2019UTILISATION. SI VOUS N\u2019ACCEPTEZ PAS QUELQUE DISPOSITION DES MODALIT\u00c9S D\u2019UTILISATION, CESSEZ D\u2019UTILISER LE PR\u00c9SENT SITE ET D&rsquo;Y ACC\u00c9DER.<\/p>\n\n\n\n<h2 class=\"wp-block-heading\">La pr\u00e9sente police<\/h2>\n\n\n\n<p>La Soci\u00e9t\u00e9 de gestion des huiles usag\u00e9es de l\u2019Atlantique prend acte du fait qu\u2019il est essentiel de maintenir et de prot\u00e9ger la confidentialit\u00e9 des renseignements personnels. La pr\u00e9sente politique s\u2019applique uniquement aux renseignements pouvant \u00eatre recueillis par la Soci\u00e9t\u00e9 de gestion des huiles usag\u00e9es de l\u2019Atlantique dans le cadre de l\u2019utilisation du pr\u00e9sent site Web et concerne strictement la fa\u00e7on dont ces renseignements peuvent \u00eatre utilis\u00e9s ou divulgu\u00e9s par la Soci\u00e9t\u00e9 de gestion des huiles usag\u00e9es de l\u2019Atlantique.<\/p>\n\n\n\n<h2 class=\"wp-block-heading\">Protection de la confidentialit\u00e9 sur le pr\u00e9sent site Web<\/h2>\n\n\n\n<p>La Soci\u00e9t\u00e9 de gestion des huiles usag\u00e9es de l\u2019Atlantique ne recueille pas de renseignements permettant d\u2019identifier personnellement un utilisateur du pr\u00e9sent site Web, sauf si un tel utilisateur nous transmet de son gr\u00e9 de tels renseignements par courriel apr\u00e8s avoir suivi un lien \u00e0 partir du pr\u00e9sent site Web. \u00c0 NOTER que toute communication avec la Soci\u00e9t\u00e9 de gestion des huiles usag\u00e9es de l\u2019Atlantique est assujettie aux modalit\u00e9s d\u2019utilisation. La Soci\u00e9t\u00e9 de gestion des huiles usag\u00e9es de l\u2019Atlantique n&rsquo;utilise pas de renseignements permettant d\u2019identifier personnellement un utilisateur, la seule utilisation de tels renseignements consistant \u00e0 r\u00e9pondre \u00e0 tout message que nous pourrions recevoir de vous par courriel. La Soci\u00e9t\u00e9 de gestion des huiles usag\u00e9es de l\u2019Atlantique ne divulguera pas \u00e0 quiconque de renseignement recueilli \u00e0 partir du pr\u00e9sent site Web et permettant d\u2019identifier personnellement l&rsquo;utilisateur, sauf si :<\/p>\n\n\n\n<ol class=\"wp-block-list\" type=\"1\" start=\"1\">\n<li>nous avons obtenu votre consentement (expr\u00e8s ou implicite) \u00e0 cette fin;<\/li>\n\n\n\n<li>nous croyons de bonne foi que la divulgation desdits renseignements est n\u00e9cessaire pour prot\u00e9ger nos droits ou notre propri\u00e9t\u00e9; ou<\/li>\n\n\n\n<li>nous y sommes tenus par la loi.<\/li>\n<\/ol>\n\n\n\n<p>Nous recueillons des renseignements agr\u00e9g\u00e9s anonymes pour mieux concevoir notre site Web. Les donn\u00e9es peuvent \u00eatre recueillies automatiquement par l\u2019entremise des op\u00e9rations standards de serveurs internet et par l\u2019utilisation de \u00ab&nbsp;cookies&nbsp;\u00bb. Vous pouvez configurer votre navigateur afin d\u2019\u00eatre aviser lorsque des cookies sont d\u00e9finis, or de les en emp\u00eacher. Nous attirons toutefois votre attention sur le fait que lorsque vous naviguez sur Internet, votre navigateur Web envoie des donn\u00e9es techniques anonymes aux serveurs qui h\u00e9bergent les sites Web que vous visitez, y compris, par exemple, votre adresse IP (\u00ab Internel Protocol \u00bb), le type de navigateur que vous utilisez, le syst\u00e8me d\u2019exploitation de votre ordinateur, le nom de domaine, les p\u00e9riodes d\u2019acc\u00e8s et l&rsquo;adresse URL (\u00ab Universal Resource Locator \u00bb) de renvoi. De telles donn\u00e9es techniques peuvent \u00eatre recueillies par la Soci\u00e9t\u00e9 de gestion des huiles usag\u00e9es de l\u2019Atlantique dans le contexte de votre visite du pr\u00e9sent site Web. La Soci\u00e9t\u00e9 de gestion des huiles usag\u00e9es de l\u2019Atlantique peut utiliser de telles donn\u00e9es techniques \u00e0 des fins telles que l\u2019am\u00e9lioration du fonctionnement du pr\u00e9sent site Web et de son contenu et la compilation de donn\u00e9es statistiques sur l\u2019utilisation du pr\u00e9sent site Web et sur l\u2019acc\u00e8s \u00e0 celui-ci. La Soci\u00e9t\u00e9 de gestion des huiles usag\u00e9es de l\u2019Atlantique ne tentera aucunement d\u2019associer quelque donn\u00e9e technique anonyme avec quelque renseignement permettant d\u2019identifier personnellement l&rsquo;utilisateur, sauf si :<\/p>\n\n\n\n<ol class=\"wp-block-list\" type=\"1\" start=\"1\">\n<li>nous avons obtenu votre consentement (expr\u00e8s ou implicite) \u00e0 cette fin;<\/li>\n\n\n\n<li>nous avons d\u00e9tect\u00e9 une tentative d\u2019endommager ou de rendre inop\u00e9rant le syst\u00e8me de s\u00e9curit\u00e9 du pr\u00e9sent site Web ou avons des motifs raisonnables de croire \u00e0 une telle tentative; ou<\/li>\n\n\n\n<li>nous y sommes tenus par la loi.<\/li>\n<\/ol>\n\n\n\n<p>Le pr\u00e9sent site Web peut contenir des hyperliens pointant vers des sites Web de tiers partis. Les sites Web de tiers partis ne sont pas r\u00e9gis par la pr\u00e9sente politique. La Soci\u00e9t\u00e9 de gestion des huiles usag\u00e9es de l\u2019Atlantique n\u2019assume aucune responsabilit\u00e9 quant aux pratiques ou politiques en mati\u00e8re de protection de la confidentialit\u00e9 qui ont cours sur les sites Web de tiers partis ou qui sont mises en \u0153uvre par les propri\u00e9taires ou les exploitants de ceux-ci. La Soci\u00e9t\u00e9 de gestion des huiles usag\u00e9es de l\u2019Atlantique vous encourage fortement \u00e0 consulter les politiques en mati\u00e8re de protection de la confidentialit\u00e9 des sites Web de tiers partis, afin de prendre des d\u00e9cisions \u00e9clair\u00e9es quant \u00e0 l\u2019acc\u00e8s \u00e0 ou l\u2019utilisation de ces sites.<\/p>\n\n\n\n<h2 class=\"wp-block-heading\">Modification<\/h2>\n\n\n\n<p>La Soci\u00e9t\u00e9 de gestion des huiles usag\u00e9es de l\u2019Atlantique se r\u00e9serve le droit, \u00e0 tout moment et de temps \u00e0 autre, de modifier, de compl\u00e9ter ou de mettre \u00e0 jour la pr\u00e9sente politique en r\u00e9percutant cette modification, ce compl\u00e9ment ou cette mise \u00e0 jour sur le pr\u00e9sent site Web. Votre utilisation du pr\u00e9sent site Web apr\u00e8s que de tels changements y aient \u00e9t\u00e9 apport\u00e9s signifie que vous acceptez toutes les modalit\u00e9s de la pr\u00e9sente politique telles que modifi\u00e9es. Vous avez la responsabilit\u00e9 de visiter le pr\u00e9sent site Web p\u00e9riodiquement pour consulter les modalit\u00e9s de la pr\u00e9sente politique. Vous ne pouvez d\u2019aucune mani\u00e8re modifier la pr\u00e9sente politique ou y apporter quelque changement que ce soit.<\/p>\n\n\n\n<p>Pour nous contacter au sujet de notre politique sur la protection de la vie priv\u00e9e<\/p>\n\n\n\n<p>Si vous avez des questions au sujet de la pr\u00e9sente politique sur la protection de la confidentialit\u00e9, veuillez contacter la Soci\u00e9t\u00e9 de gestion des huiles usag\u00e9es de l\u2019Atlantique au 1-833-221-8662 ou au <a href=\"mailto:info@uoma-atlantic.com\">info@uoma-atlantic.com<\/a><\/p>\n\n\n\n<h2 class=\"wp-block-heading\">Google Analytics<\/h2>\n\n\n\n<p>Google Analytics est un service d\u2019analyse Web fourni par Google. Google utiliser les donn\u00e9es recueillies pour suivre et examiner l\u2019utilisation du site Web uoma-atlantique.com afin de pr\u00e9parer des rapports de ses activit\u00e9s et de les partager avec d\u2019autres services Google. Google peut utiliser les donn\u00e9es recueillies pour contextualiser et personnaliser les publicit\u00e9s de son propre r\u00e9seau publicitaire.<br><br>L\u2019information personnelle recueillie&nbsp;: Cookies, donn\u00e9es d\u2019utilisation et rapport Google Analytics de d\u00e9mographie et d\u2019int\u00e9r\u00eats.<br><br>Lieu de traitement&nbsp;: \u00c9.-U. Voir la politique de confidentialit\u00e9 de Google.<\/p>\n\n\n\n<h2 class=\"wp-block-heading\">Module compl\u00e9mentaire de d\u00e9sactivation Google Analytics pour navigateur&nbsp;:<\/h2>\n\n\n\n<p>Si vous n\u00e9cessitez la capacit\u00e9 d\u2019emp\u00eacher la collecte de vos donn\u00e9es et votre usage par Google Analytics, Google a d\u00e9velopp\u00e9 un module compl\u00e9mentaire de d\u00e9sactivation Google Analytics pour navigateur sp\u00e9cifique au JavaScript de Google Analytics&nbsp;: Google Analytics Opt-out.<\/p>\n<\/div><\/div>\n","protected":false},"excerpt":{"rendered":"<p>Politique de confidentialit\u00e9 Qui sommes-nous? La Soci\u00e9t\u00e9 de gestion des huiles usag\u00e9es de l\u2019Atlantique est un organisme priv\u00e9 sans but lucratif repr\u00e9sentant un groupe de compagnies mettant en march\u00e9 des produits vis\u00e9s par les r\u00e8glements provinciaux sur les huiles et glycols usag\u00e9s dans les quatre provinces de l\u2019Atlantique&nbsp;: \u00cele-du-Prince-\u00c9douard, Nouveau-Brunswick, Nouvelle-\u00c9cosse, et Terre-Neuve-et-Labrador. La politique [&hellip;]<\/p>\n","protected":false},"author":2,"featured_media":0,"parent":661,"menu_order":0,"comment_status":"closed","ping_status":"closed","template":"","meta":{"_acf_changed":false,"inline_featured_image":false,"footnotes":""},"class_list":["post-4017","page","type-page","status-publish","hentry"],"acf":[],"_links":{"self":[{"href":"https:\/\/uoma-atlantic.com\/fr\/wp-json\/wp\/v2\/pages\/4017","targetHints":{"allow":["GET"]}}],"collection":[{"href":"https:\/\/uoma-atlantic.com\/fr\/wp-json\/wp\/v2\/pages"}],"about":[{"href":"https:\/\/uoma-atlantic.com\/fr\/wp-json\/wp\/v2\/types\/page"}],"author":[{"embeddable":true,"href":"https:\/\/uoma-atlantic.com\/fr\/wp-json\/wp\/v2\/users\/2"}],"replies":[{"embeddable":true,"href":"https:\/\/uoma-atlantic.com\/fr\/wp-json\/wp\/v2\/comments?post=4017"}],"version-history":[{"count":2,"href":"https:\/\/uoma-atlantic.com\/fr\/wp-json\/wp\/v2\/pages\/4017\/revisions"}],"predecessor-version":[{"id":4020,"href":"https:\/\/uoma-atlantic.com\/fr\/wp-json\/wp\/v2\/pages\/4017\/revisions\/4020"}],"up":[{"embeddable":true,"href":"https:\/\/uoma-atlantic.com\/fr\/wp-json\/wp\/v2\/pages\/661"}],"wp:attachment":[{"href":"https:\/\/uoma-atlantic.com\/fr\/wp-json\/wp\/v2\/media?parent=4017"}],"curies":[{"name":"wp","href":"https:\/\/api.w.org\/{rel}","templated":true}]}}