{"id":3880,"date":"2023-08-24T11:51:30","date_gmt":"2023-08-24T11:51:30","guid":{"rendered":"https:\/\/uoma.m5i.com\/nl\/annual-reports\/"},"modified":"2025-06-06T14:23:49","modified_gmt":"2025-06-06T14:23:49","slug":"rapports-annuels","status":"publish","type":"page","link":"https:\/\/uoma-atlantic.com\/fr\/nl\/rapports-annuels\/","title":{"rendered":"Rapports annuels"},"content":{"rendered":"<div id=\"block_fa36d467983162b5404e6904fa65ac84\">\n\t<style>\n\t\t #block_fa36d467983162b5404e6904fa65ac84 { height: 220px; }\n  @media(max-width:1439px) { #block_fa36d467983162b5404e6904fa65ac84 { height: 200px; } }\n  @media(max-width:1023px) { #block_fa36d467983162b5404e6904fa65ac84 { height: 180px; } }\n  @media(max-width:767px) { #block_fa36d467983162b5404e6904fa65ac84 { height: 160px; } }\n \t<\/style>\n<\/div>\n\n\n\t<section id=\"block_c214a1ae58a4e5219971c9fa0e0af808\" class=\"simple-text-section\">\n\t\t<div class=\"container\">\n\t\t\t<div class=\"entry-body\">\n\t\t\t\t<p><strong>Nous soumettons des rapports annuels d\u00e9taill\u00e9s \u00e0 nos membres. Pour les consulter, cliquez ci-dessous.<\/strong><\/p>\n<p><a href=\"https:\/\/uoma-atlantic.com\/fr\/rapport-annuel-2024\/\">2024 rapport annuel<\/a><\/p>\n<p><a href=\"https:\/\/uoma-atlantic.com\/fr\/nl\/rapport-annuel-2023\/\">2023 rapport annuel<\/a><\/p>\n<p><a href=\"https:\/\/uoma-atlantic.com\/fr\/nl\/2022-rapport-annuel\/\">2022 rapports annuel<\/a><\/p>\n<p><a href=\"\/wp-content\/uploads\/2023\/08\/2021-Rapport-Annuel-UOMA-Atlantique-FR.pdf\" target=\"_blank\" rel=\"noopener\">2021 rapports annuel<\/a><\/p>\n<p><a href=\"\/wp-content\/uploads\/2023\/08\/2020-Rapport-Annuel-UOMA-Atlantique-FR.pdf\" target=\"_blank\" rel=\"noopener\">2020 rapports annuel<\/a><\/p>\n<p>&nbsp;<\/p>\n\t\t\t<\/div>\n\t\t<\/div>\n\t<\/section>\n","protected":false},"excerpt":{"rendered":"","protected":false},"author":2,"featured_media":0,"parent":630,"menu_order":0,"comment_status":"closed","ping_status":"closed","template":"","meta":{"_acf_changed":false,"inline_featured_image":false,"footnotes":""},"class_list":["post-3880","page","type-page","status-publish","hentry"],"acf":[],"_links":{"self":[{"href":"https:\/\/uoma-atlantic.com\/fr\/wp-json\/wp\/v2\/pages\/3880","targetHints":{"allow":["GET"]}}],"collection":[{"href":"https:\/\/uoma-atlantic.com\/fr\/wp-json\/wp\/v2\/pages"}],"about":[{"href":"https:\/\/uoma-atlantic.com\/fr\/wp-json\/wp\/v2\/types\/page"}],"author":[{"embeddable":true,"href":"https:\/\/uoma-atlantic.com\/fr\/wp-json\/wp\/v2\/users\/2"}],"replies":[{"embeddable":true,"href":"https:\/\/uoma-atlantic.com\/fr\/wp-json\/wp\/v2\/comments?post=3880"}],"version-history":[{"count":9,"href":"https:\/\/uoma-atlantic.com\/fr\/wp-json\/wp\/v2\/pages\/3880\/revisions"}],"predecessor-version":[{"id":9065,"href":"https:\/\/uoma-atlantic.com\/fr\/wp-json\/wp\/v2\/pages\/3880\/revisions\/9065"}],"up":[{"embeddable":true,"href":"https:\/\/uoma-atlantic.com\/fr\/wp-json\/wp\/v2\/pages\/630"}],"wp:attachment":[{"href":"https:\/\/uoma-atlantic.com\/fr\/wp-json\/wp\/v2\/media?parent=3880"}],"curies":[{"name":"wp","href":"https:\/\/api.w.org\/{rel}","templated":true}]}}