{"id":3121,"date":"2023-06-21T14:37:13","date_gmt":"2023-06-21T14:37:13","guid":{"rendered":"https:\/\/uoma.m5i.com\/pe\/partners\/"},"modified":"2026-04-03T19:52:21","modified_gmt":"2026-04-03T19:52:21","slug":"partenaires","status":"publish","type":"page","link":"https:\/\/uoma-atlantic.com\/fr\/pe\/partenaires\/","title":{"rendered":"Partenaires"},"content":{"rendered":"\t<section id=\"block_e0c4db8c25d24126baf3dab302ac3e68\" class=\"page-header-section\" style=\"background-image: url(https:\/\/uoma-atlantic.com\/wp-content\/uploads\/2023\/07\/Layer-5635.png);\">\n\t    <div class=\"container\">\n            <div class=\"inner\">\n                                    <h1>Partenaires<\/h1>\n                            <\/div>\n        <\/div>\n                <img decoding=\"async\" class=\"mb\" src=\"https:\/\/uoma-atlantic.com\/wp-content\/uploads\/2023\/09\/banner-oildrum-mb.jpg\" alt=\"Partenaires\" \/>\n    \t<\/section>\n    <div class=\"breadcrumbs-block\">\n        <div class=\"container\">\n            <ul class=\"breadcrumbs-list\">\n                <li class=\"home\"><span property=\"itemListElement\" typeof=\"ListItem\"><a property=\"item\" typeof=\"WebPage\" title=\"Go to Atlantic Used Oil Management Association.\" href=\"https:\/\/uoma-atlantic.com\/fr\/\" class=\"home\" aria-current=\"page\"><span property=\"name\">Home<\/span><\/a><meta property=\"position\" content=\"1\"><\/span><\/li>\n            <\/ul>\n        <\/div>\n    <\/div>\n\n\n\n<section id=\"block_cea8423dea479bc159836753674bfcba\" class=\"tabs-section\">\n\t<div class=\"container\">\n\n    \t\t<div class=\"tabs\">\n\t\t\t<ul class=\"tabs-control\">\n\t\t\t\t\t\t\t<li class=\"js-tab-item is-active\" data-class=\"tab_1\">\n\t\t\t\t\t<a class=\"js-tab-link\" href=\"#\"><h3>R\u00e9cup\u00e9rateurs<\/h3><\/a>\n\t\t\t\t<\/li>\n\t\t\t\t\t\t\t<li class=\"js-tab-item\" data-class=\"tab_2\">\n\t\t\t\t\t<a class=\"js-tab-link\" href=\"#\"><h3>Valorisateurs<\/h3><\/a>\n\t\t\t\t<\/li>\n\t\t\t\t\t\t\t<li class=\"js-tab-item\" data-class=\"tab_3\">\n\t\t\t\t\t<a class=\"js-tab-link\" href=\"#\"><h3>Membres<\/h3><\/a>\n\t\t\t\t<\/li>\n\t\t\t\t\t\t<\/ul>\n\t\t\t\n\t\t\t<div class=\"tabs-content js-acc\">\n\t\t\t\t\t\t\t<div class=\"item js-tab-content js-acc-item js-tab-content__tab_1 is-active is-open\">\n\t\t\t\t\t<div class=\"trigger js-acc-trigger\"><h3>R\u00e9cup\u00e9rateurs<\/h3><\/div>\n\t\t\t\t\t<div class=\"js-acc-content\">\n\t\t\t\t\t\t<div class=\"textbox\"><h3>Qu\u2019est-ce qu\u2019un r\u00e9cup\u00e9rateur?<\/h3>\n<p>Les r\u00e9cup\u00e9rateurs sont des entreprises enregistr\u00e9es aupr\u00e8s de la Soci\u00e9t\u00e9 de gestion des huiles usag\u00e9es de l\u2019Atlantique pour recueillir les produits \u00e0 base d\u2019huile et d\u2019antigel usag\u00e9s aupr\u00e8s des grands g\u00e9n\u00e9rateurs et des points de d\u00e9p\u00f4t enregistr\u00e9s, et les acheminer \u00e0 des valorisateurs enregistr\u00e9s \u00e0 des fins de r\u00e9utilisation et de recyclage.<\/p>\n<p>Les r\u00e9cup\u00e9rateurs enregistr\u00e9s re\u00e7oivent des paiements d\u00e9termin\u00e9s en fonction du type de produit et la zone de cueillette, soit les subsides \u00e0 la r\u00e9cup\u00e9ration. Ces subsides visent \u00e0 couvrir le co\u00fbt du service de r\u00e9cup\u00e9ration. \u00c0 l&rsquo;occasion, des subsides temporaires sont mis en place pour adresser l&rsquo;inflation des co\u00fbts. <strong><a href=\"https:\/\/uoma-atlantic.com\/wp-content\/uploads\/2026\/02\/26.01.01-PE-Zone-Map-and-Return-Incentive-Table-FR.pdf\" target=\"_blank\" rel=\"noopener\">Cliquez ici pour voir les subsides \u00e0 la r\u00e9cup\u00e9ration par zone<\/a>.<\/strong><\/p>\n<p>Pour trouver un r\u00e9cup\u00e9rateur enregistr\u00e9, <a href=\"https:\/\/uoma-atlantic.com\/fr\/pe\/entreprises\/\">cliquez ici<\/a>.<\/p>\n<p><a href=\"https:\/\/uoma-atlantic.com\/wp-content\/uploads\/2025\/04\/25.04.09-PE-Liste-des-recuperateurs.pdf\" target=\"_blank\" rel=\"noopener\">Liste compl\u00e8te des r\u00e9cup\u00e9rateurs et des zones qu\u2019ils desservent<\/a><\/p>\n<p>&nbsp;<\/p>\n<h3>Comment s\u2019enregistrer \u00e0 titre de r\u00e9cup\u00e9rateur<\/h3>\n<p>Pour vous enregistrer comme r\u00e9cup\u00e9rateur, proc\u00e9dez comme suit :<\/p>\n<ul>\n<li>Consultez le <a href=\"https:\/\/uoma-atlantic.com\/wp-content\/uploads\/2024\/04\/24.04.04-PE-Collector-and-Processor-Manual.pdf\" target=\"_blank\" rel=\"noopener\">Guide des r\u00e9cup\u00e9rateurs et des valorisateurs. <\/a><\/li>\n<li>Remplissez et soumettez<a href=\"https:\/\/form.jotform.com\/240536626142250\" target=\"_blank\" rel=\"noopener\"> le formulaire de demande d\u2019enregistrement des r\u00e9cup\u00e9rateurs<\/a> et fournissez tous les documents requis.<\/li>\n<li>Remplissez et signez <a href=\"https:\/\/uoma-atlantic.com\/wp-content\/uploads\/2026\/04\/26.04.01-PE-Collectors-Agreement.pdf\" target=\"_blank\" rel=\"noopener\">la convention des r\u00e9cup\u00e9rateurs<\/a> et joignez-la au formulaire d\u2019enregistrement.<\/li>\n<li>Payez les frais d\u2019enregistrement (200 $, plus les taxes applicables) par ch\u00e8que ou TEF.<\/li>\n<\/ul>\n<p>Apr\u00e8s r\u00e9ception des documents et du paiement, votre demande sera examin\u00e9e et, si elle est approuv\u00e9e, votre enregistrement sera finalis\u00e9 et confirm\u00e9. Tous les r\u00e9cup\u00e9rateurs enregistr\u00e9s aupr\u00e8s de la Soci\u00e9t\u00e9 de gestion des huiles usag\u00e9es de l\u2019Atlantique sont indiqu\u00e9s sur le site Web de la Soci\u00e9t\u00e9, de m\u00eame que les produits qu\u2019ils r\u00e9cup\u00e8rent et les zones qu\u2019ils desservent.<\/p>\n<p>&nbsp;<\/p>\n<\/div>\n\t\t\t\t\t<\/div>\n\t\t\t\t<\/div>\n\t\t\t\t\t\t\t<div class=\"item js-tab-content js-acc-item js-tab-content__tab_2 \">\n\t\t\t\t\t<div class=\"trigger js-acc-trigger\"><h3>Valorisateurs<\/h3><\/div>\n\t\t\t\t\t<div class=\"js-acc-content\">\n\t\t\t\t\t\t<div class=\"textbox\"><h3>Qu\u2019est-ce qu\u2019un valorisateur?<\/h3>\n<p>Un valorisateur est une entreprise enregistr\u00e9e aupr\u00e8s de la Soci\u00e9t\u00e9 de gestion des huiles usag\u00e9es de l\u2019Atlantique pour valoriser les huiles et les antigels usag\u00e9s.<\/p>\n<p>La valorisation d\u00e9signe la r\u00e9utilisation, le recyclage, y compris le traitement biologique, ou toute autre op\u00e9ration par laquelle des mati\u00e8res r\u00e9siduelles sont trait\u00e9es pour \u00eatre utilis\u00e9es comme substitut \u00e0 des mati\u00e8res premi\u00e8res.<\/p>\n<p>Cela inclut aussi la valorisation \u00e9nerg\u00e9tique ou toute autre activit\u00e9 autoris\u00e9e impliquant le nettoyage, la d\u00e9contamination ou la d\u00e9classification de produits comme mati\u00e8res r\u00e9siduelles dangereuses.<\/p>\n<p>NOTE: <strong>La mise en vrac, le d\u00e9chiquetage ou la mise en ballot ne font pas partie des activit\u00e9s de valorisation.<\/strong><\/p>\n<p>&nbsp;<\/p>\n<h3>Comment s\u2019enregistrer \u00e0 titre de valorisateur<\/h3>\n<p>Pour vous enregistrer comme r\u00e9cup\u00e9rateur, proc\u00e9dez comme suit :<\/p>\n<ul>\n<li>Consultez le <a href=\"https:\/\/uoma-atlantic.com\/wp-content\/uploads\/2024\/04\/24.04.04-PE-Collector-and-Processor-Manual.pdf\" target=\"_blank\" rel=\"noopener\">Guide des r\u00e9cup\u00e9rateurs et des valorisateurs<\/a>.<\/li>\n<li>Remplissez et soumettez le <a href=\"https:\/\/form.jotform.com\/240594051673154\" target=\"_blank\" rel=\"noopener\">formulaire de demande d\u2019enregistrement des valorisateurs<\/a> et fournissez tous les documents requis.<\/li>\n<li>Remplissez et signez la <a href=\"https:\/\/uoma-atlantic.com\/wp-content\/uploads\/2026\/01\/26.01.19-PE-Processors-Agreement.pdf\">convention des valorisateurs<\/a>\u00a0et joignez-la au formulaire d\u2019enregistrement.<\/li>\n<\/ul>\n<p>Apr\u00e8s r\u00e9ception des documents et du paiement, votre demande sera examin\u00e9e et, si elle est approuv\u00e9e, votre enregistrement sera finalis\u00e9 et confirm\u00e9.<\/p>\n<p>&nbsp;<\/p>\n<\/div>\n\t\t\t\t\t<\/div>\n\t\t\t\t<\/div>\n\t\t\t\t\t\t\t<div class=\"item js-tab-content js-acc-item js-tab-content__tab_3 \">\n\t\t\t\t\t<div class=\"trigger js-acc-trigger\"><h3>Membres<\/h3><\/div>\n\t\t\t\t\t<div class=\"js-acc-content\">\n\t\t\t\t\t\t<div class=\"textbox\"><h3>Qui devrait \u00eatre membre?<\/h3>\n<p>Toute entreprise qui :<\/p>\n<ul>\n<li>fabrique de l\u2019huile, des filtres \u00e0 huile ou de l\u2019antigel (glycol);<\/li>\n<li>distribue de l\u2019huile, des filtres \u00e0 huile ou de l\u2019antigel (glycol) dans ou vers les provinces de l\u2019Atlantique;<\/li>\n<li>importe de l\u2019huile, des filtres \u00e0 huile ou de l\u2019antigel (glycol) dans les provinces de l\u2019Atlantique et est la premi\u00e8re \u00e0 vendre ces produits dans les provinces de l\u2019Atlantique.<\/li>\n<\/ul>\n<p><a href=\"https:\/\/usedoilrecycling.com\/fr\/membres-des-uoma\/#taux\" target=\"_blank\" rel=\"noopener\">Produits applicables, taux de redevances environnementales et cat\u00e9gories du plein d&rsquo;origine<\/a><\/p>\n<p><a href=\"https:\/\/uoma-atlantic.com\/wp-content\/uploads\/2026\/03\/26.03.20-List-of-Members-FR-nt.pdf\" target=\"_blank\" rel=\"noopener\">Membres en Atlantique<\/a><\/p>\n<p>Les propri\u00e9taires de marques de produits d\u00e9sign\u00e9s (huiles, filtres \u00e0 huile, contenants d\u2019huile, antigel, contenants d\u2019antigel (de glycol) et contenants d\u2019a\u00e9rosol) qui n\u2019ont pas soumis leur propre programme doivent adh\u00e9rer \u00e0 une soci\u00e9t\u00e9 de gestion. Voir les r\u00e9glementations provinciales pertinentes ci-dessous.<\/p>\n<p>&nbsp;<\/p>\n<h3>R\u00e8glements provinciaux<\/h3>\n<ul>\n<li><a href=\"https:\/\/uoma-atlantic.com\/wp-content\/uploads\/2024\/10\/24.10.01-PEI-regulation-e09-10-environmental_protection_act_materials_stewardship_and_recycling_regulations.pdf\" target=\"_blank\" rel=\"noopener\">\u00cele-du-Prince-\u00c9douard<\/a><\/li>\n<li><a href=\"https:\/\/uoma-atlantic.com\/wp-content\/uploads\/2024\/11\/NB-Reg-2024-37.pdf\" target=\"_blank\" rel=\"noopener\">Nouveau-Brunswick<\/a><\/li>\n<li><a href=\"\/wp-content\/uploads\/2023\/08\/NS-Solid-Waste-Resource-Management-Regulations-Environment-Act-Nova-Scotia-1.pdf\" target=\"_blank\" rel=\"noopener\">Nouvelle-\u00c9cosse<\/a><\/li>\n<li><a href=\"\/wp-content\/uploads\/2023\/08\/NL-18.11.01-Used-Oil-Glycol-EPR-Regulation-Gazetted-Nov-2-2018-Change-article-31.48-1.pdf\" target=\"_blank\" rel=\"noopener\">Terre-Neuve et Labrador<\/a><\/li>\n<\/ul>\n<p>Pour toute question concernant l\u2019adh\u00e9sion des membres, veuillez communiquer avec nous au 1-833-222-8662.<\/p>\n<p>&nbsp;<\/p>\n<h3>Comment devenir membre?<\/h3>\n<p>Pour devenir membre, proc\u00e9dez comme suit :<\/p>\n<ul>\n<li>Consultez le <a href=\"https:\/\/uoma-atlantic.com\/wp-content\/uploads\/2025\/02\/25.01.01-PE-Members-Manual.pdf\" target=\"_blank\" rel=\"noopener\">Guide des membres<\/a>.<\/li>\n<li>Remplissez le <a href=\"https:\/\/form.jotform.com\/241833687864269\" target=\"_blank\" rel=\"noopener\">formulaire d\u2019adh\u00e9sion.<\/a><\/li>\n<li>Signez et datez la <a href=\"https:\/\/uoma-atlantic.com\/wp-content\/uploads\/2026\/04\/26.04.01-PE-Membership-Agreement-1.pdf\" target=\"_blank\" rel=\"noopener\">convention d\u2019adh\u00e9sion des membres<\/a>, et apposez vos initiales au bas de chaque page, puis joignez-la au formulaire d\u2019adh\u00e9sion.<\/li>\n<li>Payez les frais d\u2019adh\u00e9sion (200 $, plus les taxes applicables) par ch\u00e8que ou TEF.<\/li>\n<\/ul>\n<p>&nbsp;<\/p>\n<p>La Soci\u00e9t\u00e9 de gestion des huiles usag\u00e9es de l\u2019Atlantique ne confirmera votre inscription comme membre qu\u2019apr\u00e8s la r\u00e9ception de tous les documents indiqu\u00e9s pr\u00e9c\u00e9demment. Le nom de votre entreprise sera ajout\u00e9 \u00e0 la liste de nos membres sur notre site Web, ainsi qu\u2019au r\u00e9pertoire des membres du site Web national de l\u2019UOMA.<\/p>\n<p><strong><em>Avis important :<\/em><\/strong><em> Conform\u00e9ment \u00e0 la convention des membres, le membre s\u2019engage \u00e0 payer les redevances environnementales de fa\u00e7on r\u00e9troactive \u00e0 compter de la date d\u2019entr\u00e9e en vigueur du programme de gestion dans la province de l\u2019Atlantique en question, ou depuis la date de d\u00e9but des ventes de produits vis\u00e9s dans la province si celle-ci a eu lieu apr\u00e8s la date de lancement du programme provincial en question. La p\u00e9riode maximale de r\u00e9troactivit\u00e9 pour le calcul de ce paiement est de <strong>sept (7) ans<\/strong> \u00e0 compter de la date du premier contact entre la Soci\u00e9t\u00e9 de gestion des huiles usag\u00e9es de l&rsquo;Atlantique et le membre potentiel \u00e0 l&rsquo;\u00e9gard de ce ou ces produits.<\/em><\/p>\n<p>&nbsp;<\/p>\n<\/div>\n\t\t\t\t\t<\/div>\n\t\t\t\t<\/div>\n\t\t\t\t\t\t<\/div>\n\t\t<\/div>\n\t\n\t<\/div>\n<\/section>","protected":false},"excerpt":{"rendered":"","protected":false},"author":1,"featured_media":0,"parent":661,"menu_order":0,"comment_status":"closed","ping_status":"closed","template":"","meta":{"_acf_changed":false,"inline_featured_image":false,"footnotes":""},"class_list":["post-3121","page","type-page","status-publish","hentry"],"acf":[],"_links":{"self":[{"href":"https:\/\/uoma-atlantic.com\/fr\/wp-json\/wp\/v2\/pages\/3121","targetHints":{"allow":["GET"]}}],"collection":[{"href":"https:\/\/uoma-atlantic.com\/fr\/wp-json\/wp\/v2\/pages"}],"about":[{"href":"https:\/\/uoma-atlantic.com\/fr\/wp-json\/wp\/v2\/types\/page"}],"author":[{"embeddable":true,"href":"https:\/\/uoma-atlantic.com\/fr\/wp-json\/wp\/v2\/users\/1"}],"replies":[{"embeddable":true,"href":"https:\/\/uoma-atlantic.com\/fr\/wp-json\/wp\/v2\/comments?post=3121"}],"version-history":[{"count":131,"href":"https:\/\/uoma-atlantic.com\/fr\/wp-json\/wp\/v2\/pages\/3121\/revisions"}],"predecessor-version":[{"id":10109,"href":"https:\/\/uoma-atlantic.com\/fr\/wp-json\/wp\/v2\/pages\/3121\/revisions\/10109"}],"up":[{"embeddable":true,"href":"https:\/\/uoma-atlantic.com\/fr\/wp-json\/wp\/v2\/pages\/661"}],"wp:attachment":[{"href":"https:\/\/uoma-atlantic.com\/fr\/wp-json\/wp\/v2\/media?parent=3121"}],"curies":[{"name":"wp","href":"https:\/\/api.w.org\/{rel}","templated":true}]}}