{"id":2965,"date":"2023-06-21T14:34:30","date_gmt":"2023-06-21T14:34:30","guid":{"rendered":"https:\/\/uoma.m5i.com\/nb\/diy\/"},"modified":"2023-09-27T17:03:01","modified_gmt":"2023-09-27T17:03:01","slug":"trouver-un-point-de-depot","status":"publish","type":"page","link":"https:\/\/uoma-atlantic.com\/fr\/nb\/trouver-un-point-de-depot\/","title":{"rendered":"Trouver un point de d\u00e9p\u00f4t"},"content":{"rendered":"\t<section id=\"block_f1bc8857d0085fc0d391b76a1deae570\" class=\"page-header-section\" style=\"background-image: url(https:\/\/uoma-atlantic.com\/wp-content\/uploads\/2023\/07\/shutterstock_2196366251.png);\">\n\t    <div class=\"container\">\n            <div class=\"inner\">\n                                    <h1>Trouver un point de d\u00e9p\u00f4t<\/h1>\n                            <\/div>\n        <\/div>\n                <img decoding=\"async\" class=\"mb\" src=\"https:\/\/uoma-atlantic.com\/wp-content\/uploads\/2023\/09\/banner-auto-mb.jpg\" alt=\"Trouver un point de d\u00e9p\u00f4t\" \/>\n    \t<\/section>\n    <div class=\"breadcrumbs-block\">\n        <div class=\"container\">\n            <ul class=\"breadcrumbs-list\">\n                <li class=\"home\"><span property=\"itemListElement\" typeof=\"ListItem\"><a property=\"item\" typeof=\"WebPage\" title=\"Go to Atlantic Used Oil Management Association.\" href=\"https:\/\/uoma-atlantic.com\/fr\/\" class=\"home\" aria-current=\"page\"><span property=\"name\">Home<\/span><\/a><meta property=\"position\" content=\"1\"><\/span><\/li>\n            <\/ul>\n        <\/div>\n    <\/div>\n\n\n\n\n<div class=\"wp-block-group\"><div class=\"wp-block-group__inner-container is-layout-constrained wp-block-group-is-layout-constrained\"><\/div><\/div>\n\n\n\t<section id=\"block_bb8b67c716cfc1642d7fb14640def6fe\" class=\"two-columns-text-image\">\n\t    <div class=\"container\">\n            <div class=\"tcti-row\" style=\"align-items: center;\">\n\t                                <div class=\"tcti-content-row\">\n                        <div class=\"tcti-content has-custom-list\">\n                            <p>Lorsque vous faites l\u2019entretien de moteurs, veillez \u00e0 vous d\u00e9barrasser correctement des produits \u00e0 base d\u2019huile et d\u2019antigel usag\u00e9s une fois le travail termin\u00e9. Il est rapide et facile de les apporter \u00e0 un \u00e9tablissement participant pr\u00e8s de chez vous.<\/p>\n<h3>Qu\u2019est-ce qu\u2019un point de d\u00e9p\u00f4t?<\/h3>\n<p>Les points de d\u00e9p\u00f4t sont des entreprises (comme les garages) ou des \u00e9tablissements (comme les sites de gestion des mati\u00e8res r\u00e9siduelles et les d\u00e9p\u00f4ts) enregistr\u00e9s aupr\u00e8s de la Soci\u00e9t\u00e9 de gestion des huiles usag\u00e9es de l\u2019Atlantique pour accepter les produits des m\u00e9caniciens bricoleurs et des m\u00e9nages. Ces points de d\u00e9p\u00f4t n\u2019acceptent que de petites quantit\u00e9s de produits \u00e0 base d\u2019huile et d\u2019antigel usag\u00e9s et de contenants vides afin de les recycler.<\/p>\n                                                    <\/div>\n                    <\/div>\n\t            \t\t                            <div class=\"tcti-image-row\">\n                        <figure class=\"tcti-image\">\n                            <img decoding=\"async\" width=\"467\" height=\"574\" src=\"https:\/\/uoma-atlantic.com\/wp-content\/uploads\/2023\/06\/shutterstock_240240541-1.png\" class=\"attachment-full size-full\" alt=\"\" srcset=\"https:\/\/uoma-atlantic.com\/wp-content\/uploads\/2023\/06\/shutterstock_240240541-1.png 467w, https:\/\/uoma-atlantic.com\/wp-content\/uploads\/2023\/06\/shutterstock_240240541-1-244x300.png 244w\" sizes=\"(max-width: 467px) 100vw, 467px\" \/>                        <\/figure>\n                    <\/div>\n\t\t                    <\/div>\n            <hr>        <\/div>\n\t<\/section>\n\n\n\t<section id=\"collector\" class=\"location-section \">\n\t    <div class=\"container\">\n            <div class=\"location-item\">\n                <div class=\"entry-body has-custom-list\">\n\t                                        <h2>Trouver un point de d\u00e9p\u00f4t<\/h2>\n\t                \t\t                                    <h4>Votre emplacement<\/h4>\n                                                                <div class=\"location-form-wrap\">\n\t\t\t    <form id=\"bottom-gform\" method=\"get\" action=\"\/fr\/ns\/points-de-depot\/\" onsubmit=\"formValidation(event, 'map-lat2', 'autocomplete2')\">\n                                <div class=\"input-wrap\">\n                                    <input id=\"autocomplete2\" class=\"pac-target-input map-autocomplete\" name=\"query\" type=\"search\" placeholder=\"Ville, code postal\"> \n                                    <input id=\"map-lat2\" name=\"lat\" type=\"hidden\" value=\"\">\n\t\t                            <input id=\"map-lng2\" name=\"lng\" type=\"hidden\" value=\"\">\n\t\t                            <input id=\"map-origin2\" name=\"origin\" type=\"hidden\" value=\"\">\n\t\t                            <input id=\"map-zone\" name=\"zone\" type=\"hidden\" value=\"\">\n                                    <button type=\"submit\">\n                                        <svg xmlns=\"http:\/\/www.w3.org\/2000\/svg\" xml:space=\"preserve\" x=\"0\" y=\"0\" viewBox=\"0 0 10.4 10.3\" width=\"37\" height=\"37\"><style>.st0{fill:none;stroke:#000;stroke-width:.9;stroke-miterlimit:10}<\/style><circle cx=\"6.4\" cy=\"3.9\" r=\"3.5\" class=\"st0\"\/><path d=\"m.3 10 3.6-3.6\" class=\"st0\"\/><\/svg>\n                                    <\/button>\n                                <\/div>\n                            <\/form>\n                        <\/div>\n                    \t\t\t        <p>Vous avez d\u2019importants volumes \u00e0 recycler? Trouvez un <a href=\"https:\/\/uoma-atlantic.com\/fr\/nb\/entreprises\/#collector\">r\u00e9cup\u00e9rateur enregistr\u00e9<\/a>.<\/p>\n\t                                <\/div>\n\t\t\t\t                    <figure class=\"entry-image\">\n                        <img decoding=\"async\" width=\"508\" height=\"438\" src=\"https:\/\/uoma-atlantic.com\/wp-content\/uploads\/2023\/09\/UOMA-GARAGE-BALLOON-MAN-fr-min.jpg\" class=\"attachment-full size-full\" alt=\"\" srcset=\"https:\/\/uoma-atlantic.com\/wp-content\/uploads\/2023\/09\/UOMA-GARAGE-BALLOON-MAN-fr-min.jpg 508w, https:\/\/uoma-atlantic.com\/wp-content\/uploads\/2023\/09\/UOMA-GARAGE-BALLOON-MAN-fr-min-300x259.jpg 300w\" sizes=\"(max-width: 508px) 100vw, 508px\" \/>                    <\/figure>\n\t\t\t\t            <\/div>\n        <\/div>\n\t<\/section>\n\n\n\t<section id=\"block_2e8874967408072c594ce8d0d933cd6a\" class=\"simple-text-section\">\n\t\t<div class=\"container\">\n\t\t\t<div class=\"entry-body\">\n\t\t\t\t<p>Pour les volumes plus importants de produits \u00e0 base d\u2019huile et d\u2019antigel usag\u00e9s, il y a des <a href=\"https:\/\/uoma-atlantic.com\/fr\/nb\/entreprises\/\">r\u00e9cup\u00e9rateurs enregistr\u00e9s<\/a> qui peuvent les ramasser. <\/p>\n<p>&nbsp;<\/p>\n<h3>Que faire avant de rapporter des produits \u00e0 base d\u2019huile et d\u2019antigel usag\u00e9s?<\/h3>\n<ul>\n<li>Utilisez l\u2019outil \u00ab Trouver un point de d\u00e9p\u00f4t \u00bb ci-dessus pour trouver le point de d\u00e9p\u00f4t le plus pr\u00e8s.<\/li>\n<li>Le recyclage des huiles usag\u00e9es est nouveau pour vous? Suivez les directives suivantes pour assurer un recyclage sans complication.<\/li>\n<\/ul>\n<p>&nbsp;<\/p>\n<div class=\"dodont\">\n<div class=\"do\">\n<p><b>VEUILLEZ<\/b> utiliser un vieux contenant d\u2019huile ou d\u2019antigel pour transporter de l\u2019huile ou de l\u2019antigel usag\u00e9. Assurez-vous de bien sceller ce contenant durant le transport.<\/p>\n<\/div>\n<div class=\"dont\">\n<p><strong>NE PAS<\/strong> m\u00e9langer l\u2019huile avec de l\u2019antigel ou d\u2019autres produits, afin d\u2019\u00e9viter la contamination.<\/p>\n<\/div>\n<div class=\"do\">\n<p><strong>VEUILLEZ<\/strong> v\u00e9rifier et respecter les heures d\u2019ouverture des points de d\u00e9p\u00f4t. Appelez-les pour toute question.<\/p>\n<\/div>\n<div class=\"dont\">\n<p><strong>NE PAS<\/strong> laisser les produits \u00e0 l\u2019ext\u00e9rieur des points de d\u00e9p\u00f4t. Confiez-les \u00e0 un employ\u00e9.<\/p>\n<\/div>\n<\/div>\n\t\t\t<\/div>\n\t\t<\/div>\n\t<\/section>\n","protected":false},"excerpt":{"rendered":"","protected":false},"author":1,"featured_media":0,"parent":652,"menu_order":0,"comment_status":"closed","ping_status":"closed","template":"","meta":{"_acf_changed":false,"inline_featured_image":false,"footnotes":""},"class_list":["post-2965","page","type-page","status-publish","hentry"],"acf":[],"_links":{"self":[{"href":"https:\/\/uoma-atlantic.com\/fr\/wp-json\/wp\/v2\/pages\/2965","targetHints":{"allow":["GET"]}}],"collection":[{"href":"https:\/\/uoma-atlantic.com\/fr\/wp-json\/wp\/v2\/pages"}],"about":[{"href":"https:\/\/uoma-atlantic.com\/fr\/wp-json\/wp\/v2\/types\/page"}],"author":[{"embeddable":true,"href":"https:\/\/uoma-atlantic.com\/fr\/wp-json\/wp\/v2\/users\/1"}],"replies":[{"embeddable":true,"href":"https:\/\/uoma-atlantic.com\/fr\/wp-json\/wp\/v2\/comments?post=2965"}],"version-history":[{"count":17,"href":"https:\/\/uoma-atlantic.com\/fr\/wp-json\/wp\/v2\/pages\/2965\/revisions"}],"predecessor-version":[{"id":4520,"href":"https:\/\/uoma-atlantic.com\/fr\/wp-json\/wp\/v2\/pages\/2965\/revisions\/4520"}],"up":[{"embeddable":true,"href":"https:\/\/uoma-atlantic.com\/fr\/wp-json\/wp\/v2\/pages\/652"}],"wp:attachment":[{"href":"https:\/\/uoma-atlantic.com\/fr\/wp-json\/wp\/v2\/media?parent=2965"}],"curies":[{"name":"wp","href":"https:\/\/api.w.org\/{rel}","templated":true}]}}