{"id":2920,"date":"2023-06-21T14:35:59","date_gmt":"2023-06-21T14:35:59","guid":{"rendered":"https:\/\/uoma.m5i.com\/pe\/about-us\/"},"modified":"2026-03-23T12:51:33","modified_gmt":"2026-03-23T12:51:33","slug":"a-notre-sujet","status":"publish","type":"page","link":"https:\/\/uoma-atlantic.com\/fr\/pe\/a-notre-sujet\/","title":{"rendered":"\u00c0 notre sujet"},"content":{"rendered":"\t<section id=\"block_dc03a54e128fd4e592dbb1254edbd9ca\" class=\"page-header-section\" style=\"background-image: url(https:\/\/uoma-atlantic.com\/wp-content\/uploads\/2023\/06\/hero-image-02-min.jpg);\">\n\t    <div class=\"container\">\n            <div class=\"inner\">\n                                    <h1>\u00c0 notre sujet<\/h1>\n                            <\/div>\n        <\/div>\n                <img decoding=\"async\" class=\"mb\" src=\"https:\/\/uoma-atlantic.com\/wp-content\/uploads\/2023\/09\/banner-balloonguy-mb.jpg\" alt=\"\u00c0 notre sujet\" \/>\n    \t<\/section>\n    <div class=\"breadcrumbs-block\">\n        <div class=\"container\">\n            <ul class=\"breadcrumbs-list\">\n                <li class=\"home\"><span property=\"itemListElement\" typeof=\"ListItem\"><a property=\"item\" typeof=\"WebPage\" title=\"Go to Atlantic Used Oil Management Association.\" href=\"https:\/\/uoma-atlantic.com\/fr\/\" class=\"home\" aria-current=\"page\"><span property=\"name\">Home<\/span><\/a><meta property=\"position\" content=\"1\"><\/span><\/li>\n            <\/ul>\n        <\/div>\n    <\/div>\n\n\n\n<div id=\"block_6d1afd51864627961b6d20307408ff86\">\n\t<style>\n\t\t #block_6d1afd51864627961b6d20307408ff86 { height: 22px; }\n \t<\/style>\n<\/div>\n\n\n\t<section id=\"block_f5e4096af41fa2c9782afd379403e386\" class=\"two-columns-text-image\">\n\t    <div class=\"container\">\n            <div class=\"tcti-row\" style=\"align-items: flex-start;\">\n\t                                <div class=\"tcti-content-row\">\n                        <div class=\"tcti-content has-custom-list\">\n                            <h3>Qui sommes-nous?<\/h3>\n<p>Nous sommes la Soci\u00e9t\u00e9 de gestion des huiles usag\u00e9es de l\u2019Atlantique et notre mission est de faciliter le recyclage des produits \u00e0 base d\u2019huile et d\u2019antigel usag\u00e9s. Dans le Canada atlantique, nous avons des r\u00e9cup\u00e9rateurs et des valorisateurs enregistr\u00e9s qui recueillent et recyclent les huiles et les antigels usag\u00e9s, les filtres \u00e0 huile usag\u00e9s, les contenants d\u2019huile et d\u2019antigel usag\u00e9s ainsi que les contenants d\u2019a\u00e9rosol usag\u00e9s.<\/p>\n<p><a href=\"https:\/\/usedoilrecycling.com\/fr\/membres-des-uoma\/produits-avec-redevances-environnementales-applicables\/\" target=\"_blank\" rel=\"noopener\">liste des produits par province<\/a><\/p>\n<p>Nous sommes une organisation \u00e0 but non lucratif qui administre un programme de responsabilit\u00e9 \u00e9largie du producteur (REP). Nous recueillons et recyclons des produits \u00e0 base d\u2019huile et d\u2019antigel usag\u00e9s au nom d\u2019un groupe d\u2019entreprises (<a href=\"https:\/\/uoma-atlantic.com\/wp-content\/uploads\/2026\/03\/26.03.20-List-of-Members-FR-nt.pdf\" target=\"_blank\" rel=\"noopener\">nos membres<\/a>) qui fabriquent et vendent ces produits.<\/p>\n<p>La Soci\u00e9t\u00e9 de gestion des huiles usag\u00e9es de l\u2019Atlantique est g\u00e9r\u00e9e par un conseil d\u2019administration constitu\u00e9 de repr\u00e9sentants des secteurs de la fabrication, de la vente au d\u00e9tail et de la distribution de l\u2019industrie des huiles et des antigels.<\/p>\n<p>Les activit\u00e9s de recyclage des produits \u00e0 base d\u2019huile et d\u2019antigel usag\u00e9s sont r\u00e9gies par des <a href=\"https:\/\/uoma-atlantic.com\/wp-content\/uploads\/2024\/10\/24.10.01-PEI-regulation-e09-10-environmental_protection_act_materials_stewardship_and_recycling_regulations.pdf\" target=\"_blank\" rel=\"noopener\">r\u00e8glements provinciaux<\/a> et par un plan d\u2019\u00e9cologisation. La Soci\u00e9t\u00e9 de gestion des huiles usag\u00e9es de l\u2019Atlantique est tenue de soumettre des rapports d\u00e9taill\u00e9s de ses activit\u00e9s \u00e0 ses membres et \u00e0 l\u2019organisme de r\u00e9glementation de chacune des provinces de l\u2019Atlantique.<\/p>\n                                                    <\/div>\n                    <\/div>\n\t            \t\t                            <div class=\"tcti-image-row\">\n                        <figure class=\"tcti-image\">\n                            <img decoding=\"async\" width=\"467\" height=\"574\" src=\"https:\/\/uoma-atlantic.com\/wp-content\/uploads\/2023\/06\/shutterstock_240240541-1.png\" class=\"attachment-full size-full\" alt=\"\" srcset=\"https:\/\/uoma-atlantic.com\/wp-content\/uploads\/2023\/06\/shutterstock_240240541-1.png 467w, https:\/\/uoma-atlantic.com\/wp-content\/uploads\/2023\/06\/shutterstock_240240541-1-244x300.png 244w\" sizes=\"(max-width: 467px) 100vw, 467px\" \/>                        <\/figure>\n                    <\/div>\n\t\t                    <\/div>\n                    <\/div>\n\t<\/section>\n\n\n\t<section id=\"block_a1738ec63597dafa9fda19c23506da51\" class=\"recycled-products-section\">\n\t    <div class=\"container\">\n\t\t                    <div class=\"entry-head\" style=\"text-align: center;\">\n                    <h3><strong>Nos taux de r\u00e9cup\u00e9ration des huiles, des antigels, des filtres, et des contenants.<\/strong><\/h3>\n                    <style>@media(min-width: 1024px) { #block_a1738ec63597dafa9fda19c23506da51 .entry-head {max-width: 1024px;} }<\/style>                <\/div>\n            \t\t                    <ul class=\"recycled-products-list\">\n                                            <li>\n                            <a class=\"recycled-products-item\" href=\"\/fr#\" target=\"_self\">\n                                                                    <figure>\n                                                                                    <div class=\"icon-wrap\">\n                                                <img decoding=\"async\" width=\"1\" height=\"1\" src=\"https:\/\/uoma-atlantic.com\/wp-content\/uploads\/2023\/06\/icon-01-1.svg\" class=\"attachment-full size-full\" alt=\"\" \/>                                                                                                \n                                            <\/div>\n                                                                                                                            <figcaption>Huiles<\/figcaption>\n                                                                            <\/figure>\n                                \t                                                                <div class=\"overlay\">\n                                        <div class=\"inner\">\n                                            <p><h4 style=\"text-align: center; color: #00382d;\">.<\/h4>\n<h1 style=\"text-align: center;\">90.8%<\/h1>\n<p style=\"text-align: center; opacity: .8;\">*Taux de l\u2019ann\u00e9e 2024<\/p>\n<\/p>\n                                        <\/div>\n                                    <\/div>\n                                                            <\/a>\n                        <\/li>\n                                            <li>\n                            <a class=\"recycled-products-item\" href=\"\/fr#\" target=\"_self\">\n                                                                    <figure>\n                                                                                    <div class=\"icon-wrap\">\n                                                <img decoding=\"async\" width=\"1\" height=\"1\" src=\"https:\/\/uoma-atlantic.com\/wp-content\/uploads\/2023\/06\/filter-icon.svg\" class=\"attachment-full size-full\" alt=\"\" \/>                                                                                                \n                                            <\/div>\n                                                                                                                            <figcaption>Filtres<\/figcaption>\n                                                                            <\/figure>\n                                \t                                                                <div class=\"overlay\">\n                                        <div class=\"inner\">\n                                            <p><h4 style=\"text-align: center; color: #00382d;\">.<\/h4>\n<h1 style=\"text-align: center;\">59.5%<\/h1>\n<p style=\"text-align: center; opacity: .8;\">*Taux de l\u2019ann\u00e9e 2024<\/p>\n<\/p>\n                                        <\/div>\n                                    <\/div>\n                                                            <\/a>\n                        <\/li>\n                                            <li>\n                            <a class=\"recycled-products-item\" href=\"\/fr#\" target=\"_self\">\n                                                                    <figure>\n                                                                                    <div class=\"icon-wrap\">\n                                                <img decoding=\"async\" width=\"113\" height=\"116\" src=\"https:\/\/uoma-atlantic.com\/wp-content\/uploads\/2023\/07\/oil-and-Aerosol.png\" class=\"attachment-full size-full\" alt=\"\" srcset=\"https:\/\/uoma-atlantic.com\/wp-content\/uploads\/2023\/07\/oil-and-Aerosol.png 113w, https:\/\/uoma-atlantic.com\/wp-content\/uploads\/2023\/07\/oil-and-Aerosol-50x50.png 50w, https:\/\/uoma-atlantic.com\/wp-content\/uploads\/2023\/07\/oil-and-Aerosol-26x27.png 26w\" sizes=\"(max-width: 113px) 100vw, 113px\" \/>                                                                                                \n                                            <\/div>\n                                                                                                                            <figcaption>Contenants<\/figcaption>\n                                                                            <\/figure>\n                                \t                                                                <div class=\"overlay\">\n                                        <div class=\"inner\">\n                                            <p><h4 style=\"text-align: center; color: #00382d;\">.<\/h4>\n<h1 style=\"text-align: center;\">65.5%<\/h1>\n<p style=\"text-align: center; opacity: .8;\">*Taux de l\u2019ann\u00e9e 2024<\/p>\n<\/p>\n                                        <\/div>\n                                    <\/div>\n                                                            <\/a>\n                        <\/li>\n                                            <li>\n                            <a class=\"recycled-products-item\" href=\"\/fr#\" target=\"_self\">\n                                                                    <figure>\n                                                                                    <div class=\"icon-wrap\">\n                                                <img decoding=\"async\" width=\"1\" height=\"1\" src=\"https:\/\/uoma-atlantic.com\/wp-content\/uploads\/2023\/06\/antifreeze-icon.svg\" class=\"attachment-full size-full\" alt=\"\" \/>                                                                                                \n                                            <\/div>\n                                                                                                                            <figcaption>Antigel (Glycol)<\/figcaption>\n                                                                            <\/figure>\n                                \t                                                                <div class=\"overlay\">\n                                        <div class=\"inner\">\n                                            <p><h4 style=\"text-align: center; color: #00382d;\">.<\/h4>\n<h1 style=\"text-align: center;\">48.3%<\/h1>\n<p style=\"text-align: center; opacity: .8;\">*Taux de l\u2019ann\u00e9e 2024<\/p>\n<\/p>\n                                        <\/div>\n                                    <\/div>\n                                                            <\/a>\n                        <\/li>\n                                    <\/ul>\n            \t\t            <\/div>\n\t<\/section>\n\n\n<div id=\"block_1d7e51867fbb57d25570e3140b6b41df\">\n\t<style>\n\t\t #block_1d7e51867fbb57d25570e3140b6b41df { height: 45px; }\n  @media(max-width:1439px) { #block_1d7e51867fbb57d25570e3140b6b41df { height: 40px; } }\n  @media(max-width:1023px) { #block_1d7e51867fbb57d25570e3140b6b41df { height: 8px; } }\n \t<\/style>\n<\/div>\n\n\n\t<section id=\"collector\" class=\"location-section \">\n\t    <div class=\"container\">\n            <div class=\"location-item\">\n                <div class=\"entry-body has-custom-list\">\n\t                                        <h2>Trouver un point de d\u00e9p\u00f4t<\/h2>\n\t                \t\t                                    <h4>Votre emplacement<\/h4>\n                                                                <div class=\"location-form-wrap\">\n\t\t\t    <form id=\"bottom-gform\" method=\"get\" action=\"\/fr\/ns\/points-de-depot\/\" onsubmit=\"formValidation(event, 'map-lat2', 'autocomplete2')\">\n                                <div class=\"input-wrap\">\n                                    <input id=\"autocomplete2\" class=\"pac-target-input map-autocomplete\" name=\"query\" type=\"search\" placeholder=\"Ville, code postal\"> \n                                    <input id=\"map-lat2\" name=\"lat\" type=\"hidden\" value=\"\">\n\t\t                            <input id=\"map-lng2\" name=\"lng\" type=\"hidden\" value=\"\">\n\t\t                            <input id=\"map-origin2\" name=\"origin\" type=\"hidden\" value=\"\">\n\t\t                            <input id=\"map-zone\" name=\"zone\" type=\"hidden\" value=\"\">\n                                    <button type=\"submit\">\n                                        <svg xmlns=\"http:\/\/www.w3.org\/2000\/svg\" xml:space=\"preserve\" x=\"0\" y=\"0\" viewBox=\"0 0 10.4 10.3\" width=\"37\" height=\"37\"><style>.st0{fill:none;stroke:#000;stroke-width:.9;stroke-miterlimit:10}<\/style><circle cx=\"6.4\" cy=\"3.9\" r=\"3.5\" class=\"st0\"\/><path d=\"m.3 10 3.6-3.6\" class=\"st0\"\/><\/svg>\n                                    <\/button>\n                                <\/div>\n                            <\/form>\n                        <\/div>\n                    \t\t\t        <p>Vous avez d\u2019importants volumes \u00e0 recycler? Trouvez un <a href=\"https:\/\/uoma-atlantic.com\/fr\/pe\/entreprises\/#collector\">r\u00e9cup\u00e9rateur enregistr\u00e9<\/a>.<\/p>\n\t                                <\/div>\n\t\t\t\t                    <figure class=\"entry-image\">\n                        <img decoding=\"async\" width=\"508\" height=\"438\" src=\"https:\/\/uoma-atlantic.com\/wp-content\/uploads\/2023\/09\/UOMA-GARAGE-BALLOON-MAN-fr-min.jpg\" class=\"attachment-full size-full\" alt=\"\" srcset=\"https:\/\/uoma-atlantic.com\/wp-content\/uploads\/2023\/09\/UOMA-GARAGE-BALLOON-MAN-fr-min.jpg 508w, https:\/\/uoma-atlantic.com\/wp-content\/uploads\/2023\/09\/UOMA-GARAGE-BALLOON-MAN-fr-min-300x259.jpg 300w\" sizes=\"(max-width: 508px) 100vw, 508px\" \/>                    <\/figure>\n\t\t\t\t            <\/div>\n        <\/div>\n\t<\/section>\n\n\n\t<section id=\"block_a9cb74fb61aca454c768db80b089264c\" class=\"simple-text-section\">\n\t\t<div class=\"container\">\n\t\t\t<div class=\"entry-body\">\n\t\t\t\t<p><strong>Nous soumettons des rapports annuels d\u00e9taill\u00e9s \u00e0 nos membres. Pour les consulter, cliquez ci-dessous.<\/strong><\/p>\n<p><a href=\"https:\/\/uoma-atlantic.com\/fr\/pe\/rapport-annuel-2023\/\">2023 rapport annuel<\/a><\/p>\n<p><a href=\"https:\/\/uoma-atlantic.com\/fr\/pe\/2022-rapport-annuel\/\">2022 rapport annuel<\/a><\/p>\n<p><a href=\"\/wp-content\/uploads\/2023\/08\/2021-Rapport-Annuel-UOMA-Atlantique-FR.pdf\" target=\"_blank\" rel=\"noopener\">2021 rapport annuel<\/a><\/p>\n<p><a href=\"\/wp-content\/uploads\/2023\/08\/2020-Rapport-Annuel-UOMA-Atlantique-FR.pdf\" target=\"_blank\" rel=\"noopener\">2020 rapport annuel<\/a><\/p>\n<p>&nbsp;<\/p>\n\t\t\t<\/div>\n\t\t<\/div>\n\t<\/section>\n\n\n<div id=\"block_cc0fe439e207af3a0c8923f784a0f866\">\n\t<style>\n\t\t #block_cc0fe439e207af3a0c8923f784a0f866 { height: 8px; }\n  @media(max-width:1439px) { #block_cc0fe439e207af3a0c8923f784a0f866 { height: 60px; } }\n  @media(max-width:1023px) { #block_cc0fe439e207af3a0c8923f784a0f866 { height: 40px; } }\n  @media(max-width:767px) { #block_cc0fe439e207af3a0c8923f784a0f866 { height: 32px; } }\n \t<\/style>\n<\/div>\n","protected":false},"excerpt":{"rendered":"","protected":false},"author":1,"featured_media":0,"parent":661,"menu_order":0,"comment_status":"closed","ping_status":"closed","template":"","meta":{"_acf_changed":false,"inline_featured_image":false,"footnotes":""},"class_list":["post-2920","page","type-page","status-publish","hentry"],"acf":[],"_links":{"self":[{"href":"https:\/\/uoma-atlantic.com\/fr\/wp-json\/wp\/v2\/pages\/2920","targetHints":{"allow":["GET"]}}],"collection":[{"href":"https:\/\/uoma-atlantic.com\/fr\/wp-json\/wp\/v2\/pages"}],"about":[{"href":"https:\/\/uoma-atlantic.com\/fr\/wp-json\/wp\/v2\/types\/page"}],"author":[{"embeddable":true,"href":"https:\/\/uoma-atlantic.com\/fr\/wp-json\/wp\/v2\/users\/1"}],"replies":[{"embeddable":true,"href":"https:\/\/uoma-atlantic.com\/fr\/wp-json\/wp\/v2\/comments?post=2920"}],"version-history":[{"count":91,"href":"https:\/\/uoma-atlantic.com\/fr\/wp-json\/wp\/v2\/pages\/2920\/revisions"}],"predecessor-version":[{"id":10048,"href":"https:\/\/uoma-atlantic.com\/fr\/wp-json\/wp\/v2\/pages\/2920\/revisions\/10048"}],"up":[{"embeddable":true,"href":"https:\/\/uoma-atlantic.com\/fr\/wp-json\/wp\/v2\/pages\/661"}],"wp:attachment":[{"href":"https:\/\/uoma-atlantic.com\/fr\/wp-json\/wp\/v2\/media?parent=2920"}],"curies":[{"name":"wp","href":"https:\/\/api.w.org\/{rel}","templated":true}]}}