{"id":1367,"date":"2023-07-20T13:03:01","date_gmt":"2023-07-20T13:03:01","guid":{"rendered":"https:\/\/uoma.m5i.com\/?page_id=1367"},"modified":"2025-06-06T11:49:04","modified_gmt":"2025-06-06T11:49:04","slug":"rapports-annuels","status":"publish","type":"page","link":"https:\/\/uoma-atlantic.com\/fr\/nb\/rapports-annuels\/","title":{"rendered":"Rapports annuels"},"content":{"rendered":"<div id=\"block_077d45ae9c17edcbba8e1f73444da0ba\">\n\t<style>\n\t\t #block_077d45ae9c17edcbba8e1f73444da0ba { height: 220px; }\n  @media(max-width:1439px) { #block_077d45ae9c17edcbba8e1f73444da0ba { height: 200px; } }\n  @media(max-width:1023px) { #block_077d45ae9c17edcbba8e1f73444da0ba { height: 180px; } }\n  @media(max-width:767px) { #block_077d45ae9c17edcbba8e1f73444da0ba { height: 160px; } }\n \t<\/style>\n<\/div>\n\n\n\t<section id=\"block_0c7ebfbb9d71b95d6a52c32a121a12a8\" class=\"simple-text-section\">\n\t\t<div class=\"container\">\n\t\t\t<div class=\"entry-body\">\n\t\t\t\t<p><strong>Nous soumettons des rapports annuels d\u00e9taill\u00e9s \u00e0 nos membres. Pour les consulter, cliquez ci-dessous.<\/strong><\/p>\n<p><a href=\"https:\/\/uoma-atlantic.com\/fr\/rapport-annuel-2024\/\">2024 rapport annuel<\/a><\/p>\n<p><a href=\"https:\/\/uoma-atlantic.com\/fr\/nb\/rapport-annuel-2023\/\">2023 rapport annuel<\/a><\/p>\n<p><a href=\"https:\/\/uoma-atlantic.com\/fr\/nb\/2022-rapport-annuel\/\">2022 rapports annuel<\/a><\/p>\n<p><a href=\"\/wp-content\/uploads\/2023\/08\/2021-Rapport-Annuel-UOMA-Atlantique-FR.pdf\" target=\"_blank\" rel=\"noopener\">2021 rapports annuel<\/a><\/p>\n<p><a href=\"\/wp-content\/uploads\/2023\/08\/2020-Rapport-Annuel-UOMA-Atlantique-FR.pdf\" target=\"_blank\" rel=\"noopener\">2020 rapports annuel<\/a><\/p>\n<p>&nbsp;<\/p>\n\t\t\t<\/div>\n\t\t<\/div>\n\t<\/section>\n","protected":false},"excerpt":{"rendered":"","protected":false},"author":2,"featured_media":0,"parent":652,"menu_order":0,"comment_status":"closed","ping_status":"closed","template":"","meta":{"_acf_changed":false,"inline_featured_image":false,"footnotes":""},"class_list":["post-1367","page","type-page","status-publish","hentry"],"acf":[],"_links":{"self":[{"href":"https:\/\/uoma-atlantic.com\/fr\/wp-json\/wp\/v2\/pages\/1367","targetHints":{"allow":["GET"]}}],"collection":[{"href":"https:\/\/uoma-atlantic.com\/fr\/wp-json\/wp\/v2\/pages"}],"about":[{"href":"https:\/\/uoma-atlantic.com\/fr\/wp-json\/wp\/v2\/types\/page"}],"author":[{"embeddable":true,"href":"https:\/\/uoma-atlantic.com\/fr\/wp-json\/wp\/v2\/users\/2"}],"replies":[{"embeddable":true,"href":"https:\/\/uoma-atlantic.com\/fr\/wp-json\/wp\/v2\/comments?post=1367"}],"version-history":[{"count":16,"href":"https:\/\/uoma-atlantic.com\/fr\/wp-json\/wp\/v2\/pages\/1367\/revisions"}],"predecessor-version":[{"id":9067,"href":"https:\/\/uoma-atlantic.com\/fr\/wp-json\/wp\/v2\/pages\/1367\/revisions\/9067"}],"up":[{"embeddable":true,"href":"https:\/\/uoma-atlantic.com\/fr\/wp-json\/wp\/v2\/pages\/652"}],"wp:attachment":[{"href":"https:\/\/uoma-atlantic.com\/fr\/wp-json\/wp\/v2\/media?parent=1367"}],"curies":[{"name":"wp","href":"https:\/\/api.w.org\/{rel}","templated":true}]}}